{"id":976,"date":"2025-04-16T10:19:16","date_gmt":"2025-04-16T10:19:16","guid":{"rendered":"https:\/\/portes-brodard.ch\/?page_id=976"},"modified":"2025-05-08T12:36:15","modified_gmt":"2025-05-08T12:36:15","slug":"hormann-garantie","status":"publish","type":"page","link":"https:\/\/portes-brodard.ch\/de\/dienstleistungen\/hoermann-garantie\/","title":{"rendered":"H\u00f6rmann Garantie"},"content":{"rendered":"<p>[et_pb_section fb_built=&#8220;1&#8243; custom_padding_last_edited=&#8220;on|desktop&#8220; _builder_version=&#8220;4.27.4&#8243; _module_preset=&#8220;default&#8220; custom_margin=&#8220;0px||0px||false|false&#8220; custom_padding=&#8220;75px|30px|80px|30px|false|true&#8220; custom_padding_tablet=&#8220;55px|15px|60px|15px|false|true&#8220; custom_padding_phone=&#8220;|15px||15px|false|true&#8220; global_colors_info=&#8220;{}&#8220;][et_pb_row _builder_version=&#8220;4.27.4&#8243; _module_preset=&#8220;default&#8220; width_last_edited=&#8220;off|desktop&#8220; custom_margin=&#8220;0px||35px||false|false&#8220; custom_margin_tablet=&#8220;||30px||false|false&#8220; custom_margin_phone=&#8220;||25px||false|false&#8220; custom_margin_last_edited=&#8220;on|desktop&#8220; custom_padding=&#8220;0px||0px||false|false&#8220; global_colors_info=&#8220;{}&#8220;][et_pb_column type=&#8220;4_4&#8243; _builder_version=&#8220;4.27.4&#8243; _module_preset=&#8220;default&#8220; global_colors_info=&#8220;{}&#8220;][et_pb_text _builder_version=&#8220;4.27.4&#8243; _module_preset=&#8220;default&#8220; header_font_size=&#8220;41px&#8220; header_2_font_size=&#8220;41px&#8220; module_alignment=&#8220;left&#8220; custom_margin=&#8220;0px||0px||false|false&#8220; custom_padding=&#8220;0px||0px||false|false&#8220; animation_style=&#8220;fade&#8220; animation_duration=&#8220;400ms&#8220; animation_delay=&#8220;400ms&#8220; text_font_size_tablet=&#8220;16px&#8220; text_font_size_phone=&#8220;16px&#8220; text_font_size_last_edited=&#8220;on|desktop&#8220; header_font_size_tablet=&#8220;36px&#8220; header_font_size_phone=&#8220;31px&#8220; header_font_size_last_edited=&#8220;on|desktop&#8220; global_colors_info=&#8220;{}&#8220;]<\/p>\n<h1>H\u00f6rmann <span style=\"color: #00ff00;\">Garantie<\/span><\/h1>\n<p>[\/et_pb_text][\/et_pb_column][\/et_pb_row][et_pb_row column_structure=&#8220;1_2,1_2&#8243; module_class=&#8220;row_garantie&#8220; _builder_version=&#8220;4.27.4&#8243; _module_preset=&#8220;default&#8220; width_last_edited=&#8220;off|desktop&#8220; custom_margin=&#8220;0px||0px||false|false&#8220; custom_padding=&#8220;0px||0px||false|false&#8220; global_colors_info=&#8220;{}&#8220;][et_pb_column type=&#8220;1_2&#8243; _builder_version=&#8220;4.27.4&#8243; _module_preset=&#8220;default&#8220; global_colors_info=&#8220;{}&#8220;][et_pb_text _builder_version=&#8220;4.27.4&#8243; _module_preset=&#8220;default&#8220; header_2_font_size=&#8220;25px&#8220; header_3_font_size=&#8220;21px&#8220; module_alignment=&#8220;left&#8220; custom_margin=&#8220;0px||0px||false|false&#8220; custom_margin_tablet=&#8220;||5px||false|false&#8220; custom_margin_phone=&#8220;||5px||false|false&#8220; custom_margin_last_edited=&#8220;on|tablet&#8220; custom_padding=&#8220;0px||0px||false|false&#8220; animation_style=&#8220;fade&#8220; animation_duration=&#8220;400ms&#8220; animation_delay=&#8220;400ms&#8220; hover_enabled=&#8220;0&#8243; text_font_size_tablet=&#8220;16px&#8220; text_font_size_phone=&#8220;16px&#8220; text_font_size_last_edited=&#8220;on|desktop&#8220; header_font_size_last_edited=&#8220;off|desktop&#8220; header_2_font_size_tablet=&#8220;22px&#8220; header_2_font_size_phone=&#8220;21px&#8220; header_2_font_size_last_edited=&#8220;on|desktop&#8220; header_3_font_size_tablet=&#8220;19px&#8220; header_3_font_size_phone=&#8220;19px&#8220; header_3_font_size_last_edited=&#8220;on|desktop&#8220; global_colors_info=&#8220;{}&#8220; sticky_enabled=&#8220;0&#8243;]<\/p>\n<h2><span style=\"color: #00ffff;\">H\u00f6rmann Produkte<\/span> OHNE Wartungsvertrag<\/h2>\n<p><strong>Garagentore<\/strong><\/p>\n<ul>\n<li>Torbl\u00e4tter <strong>10 Jahre<\/strong><\/li>\n<li>Decograin <strong>5 Jahre<\/strong><\/li>\n<li>Bewegliche Teile <strong>2 Jahre<\/strong><\/li>\n<\/ul>\n<p><strong>Antriebe und Zubeh\u00f6r<\/strong><\/p>\n<ul>\n<li>Motork\u00f6pfe, SupraMatic, ProMatic <strong>5 Jahre<\/strong><\/li>\n<li>Zubeh\u00f6r f\u00fcr die Motorisierung <strong>2 Jahre<\/strong><\/li>\n<li>Schienen f\u00fcr G-Antriebe <strong>2 Jahre<\/strong><\/li>\n<li>Dreht\u00fcr- und Schiebet\u00fcrantriebe <strong>2 Jahre<\/strong><\/li>\n<\/ul>\n<p><strong>Haust\u00fcren<\/strong><\/p>\n<ul>\n<li>T\u00fcrbl\u00e4tter aus Aluminium <strong>10 Jahre<\/strong><\/li>\n<li>T\u00fcrbl\u00e4tter Stahl <strong>5 Jahre<\/strong><\/li>\n<li>Bewegliche und elektrische Teile <strong>2 Jahre<\/strong><\/li>\n<\/ul>\n<p><strong>Industrietore, Antriebe und Steuerungen<\/strong><\/p>\n<ul>\n<li>Tore und bewegliche Teile <strong>2 Jahre<\/strong><\/li>\n<\/ul>\n<p>[\/et_pb_text][\/et_pb_column][et_pb_column type=&#8220;1_2&#8243; _builder_version=&#8220;4.27.4&#8243; _module_preset=&#8220;default&#8220; global_colors_info=&#8220;{}&#8220;][et_pb_text _builder_version=&#8220;4.27.4&#8243; _module_preset=&#8220;default&#8220; header_2_font_size=&#8220;25px&#8220; header_3_font_size=&#8220;21px&#8220; module_alignment=&#8220;left&#8220; custom_margin=&#8220;0px||0px||false|false&#8220; custom_padding=&#8220;0px||0px||false|false&#8220; animation_style=&#8220;fade&#8220; animation_duration=&#8220;400ms&#8220; animation_delay=&#8220;400ms&#8220; hover_enabled=&#8220;0&#8243; text_font_size_tablet=&#8220;16px&#8220; text_font_size_phone=&#8220;16px&#8220; text_font_size_last_edited=&#8220;on|desktop&#8220; header_font_size_last_edited=&#8220;off|desktop&#8220; header_2_font_size_tablet=&#8220;22px&#8220; header_2_font_size_phone=&#8220;21px&#8220; header_2_font_size_last_edited=&#8220;on|phone&#8220; header_3_font_size_tablet=&#8220;19px&#8220; header_3_font_size_phone=&#8220;19px&#8220; header_3_font_size_last_edited=&#8220;on|desktop&#8220; global_colors_info=&#8220;{}&#8220; sticky_enabled=&#8220;0&#8243;]<\/p>\n<h2><span style=\"color: #00ffff;\">H\u00f6rmann Produkte<\/span> MIT Wartungsvertrag<\/h2>\n<p><strong>Garagentore<\/strong><\/p>\n<ul>\n<li>T\u00fcrf\u00fcllungen 10 Jahre<\/li>\n<li>Decograin 5 Jahre<\/li>\n<li>Bewegliche Teile 2 Jahre<\/li>\n<\/ul>\n<p><strong>Antriebe und Zubeh\u00f6r<\/strong><\/p>\n<ul>\n<li>Motork\u00f6pfe, SupraMatic, ProMatic 5 Jahre<\/li>\n<li>Zubeh\u00f6r f\u00fcr die Motorisierung 5 Jahre<\/li>\n<li>Schienen f\u00fcr G-Antriebe 5 Jahre<\/li>\n<li>Dreht\u00fcr- und Schiebet\u00fcrantriebe 5 Jahre<\/li>\n<\/ul>\n<p><strong>Haust\u00fcren<\/strong><\/p>\n<ul>\n<li>T\u00fcrbl\u00e4tter aus Aluminium 10 Jahre<\/li>\n<li>T\u00fcrbl\u00e4tter Stahl 5 Jahre<\/li>\n<li>Bewegliche und elektrische Teile 5 Jahre<\/li>\n<\/ul>\n<p><strong>Industrietore, Antriebe und Steuerungen<\/strong><\/p>\n<ul>\n<li>Tore und bewegliche Teile 2 Jahre<\/li>\n<\/ul>\n<p>[\/et_pb_text][\/et_pb_column][\/et_pb_row][\/et_pb_section]<\/p>\n","protected":false},"excerpt":{"rendered":"<p>H\u00f6rmann GarantieH\u00f6rmann Produkte OHNE Wartungsvertrag Garagentore Torbl\u00e4tter 10 Jahre Decograin 5 Jahre Bewegliche Teile 2 Jahre Antriebe und Zubeh\u00f6r Motork\u00f6pfe, SupraMatic, ProMatic 5 Jahre Zubeh\u00f6r f\u00fcr die Motorisierung 2 Jahre Schienen f\u00fcr G-Antriebe 2 Jahre Dreht\u00fcr- und Schiebet\u00fcrantriebe 2 Jahre Haust\u00fcren T\u00fcrbl\u00e4tter aus Aluminium 10 Jahre T\u00fcrbl\u00e4tter Stahl 5 Jahre Bewegliche und elektrische Teile 2 [&hellip;]<\/p>\n","protected":false},"author":1,"featured_media":0,"parent":1345,"menu_order":0,"comment_status":"closed","ping_status":"closed","template":"","meta":{"_et_pb_use_builder":"on","_et_pb_old_content":"[et_pb_section fb_built=\"1\" custom_padding_last_edited=\"on|desktop\" _builder_version=\"4.27.4\" _module_preset=\"default\" custom_margin=\"0px||0px||false|false\" custom_padding=\"75px|30px|80px|30px|false|true\" custom_padding_tablet=\"55px|15px|60px|15px|false|true\" custom_padding_phone=\"|15px||15px|false|true\" hover_enabled=\"0\" global_colors_info=\"{}\" theme_builder_area=\"post_content\" sticky_enabled=\"0\"][et_pb_row _builder_version=\"4.27.4\" _module_preset=\"default\" width_last_edited=\"off|desktop\" custom_margin=\"0px||35px||false|false\" custom_padding=\"0px||0px||false|false\" hover_enabled=\"0\" global_colors_info=\"{}\" theme_builder_area=\"post_content\" sticky_enabled=\"0\" custom_margin_last_edited=\"on|desktop\" custom_margin_tablet=\"||30px||false|false\" custom_margin_phone=\"||25px||false|false\"][et_pb_column type=\"4_4\" _builder_version=\"4.27.4\" _module_preset=\"default\" global_colors_info=\"{}\" theme_builder_area=\"post_content\"][et_pb_text _builder_version=\"4.27.4\" _module_preset=\"default\" header_font_size=\"41px\" header_2_font_size=\"41px\" module_alignment=\"left\" custom_margin=\"0px||0px||false|false\" custom_padding=\"0px||0px||false|false\" animation_style=\"fade\" animation_duration=\"400ms\" animation_delay=\"400ms\" hover_enabled=\"0\" text_font_size_tablet=\"16px\" text_font_size_phone=\"16px\" text_font_size_last_edited=\"on|desktop\" header_font_size_tablet=\"36px\" header_font_size_phone=\"31px\" header_font_size_last_edited=\"on|desktop\" global_colors_info=\"{}\" theme_builder_area=\"post_content\" sticky_enabled=\"0\"]\n<h1><span style=\"color: #00ffff;\">Garantie<\/span> H\u00f6rmann<\/h1>\n[\/et_pb_text][\/et_pb_column][\/et_pb_row][et_pb_row _builder_version=\"4.27.4\" _module_preset=\"default\" width_last_edited=\"off|desktop\" custom_margin=\"0px||0px||false|false\" custom_padding=\"0px||0px||false|false\" hover_enabled=\"0\" global_colors_info=\"{}\" column_structure=\"1_2,1_2\" theme_builder_area=\"post_content\" sticky_enabled=\"0\" module_class=\"row_garantie\"][et_pb_column type=\"1_2\" _builder_version=\"4.27.4\" _module_preset=\"default\" global_colors_info=\"{}\" theme_builder_area=\"post_content\"][et_pb_text _builder_version=\"4.27.4\" _module_preset=\"default\" header_2_font_size=\"25px\" header_3_font_size=\"21px\" module_alignment=\"left\" custom_margin=\"0px||0px||false|false\" custom_padding=\"0px||0px||false|false\" animation_style=\"fade\" animation_duration=\"400ms\" animation_delay=\"400ms\" hover_enabled=\"0\" text_font_size_tablet=\"16px\" text_font_size_phone=\"16px\" text_font_size_last_edited=\"on|desktop\" header_font_size_last_edited=\"off|desktop\" header_2_font_size_tablet=\"22px\" header_2_font_size_phone=\"21px\" header_2_font_size_last_edited=\"on|desktop\" header_3_font_size_tablet=\"19px\" header_3_font_size_phone=\"19px\" header_3_font_size_last_edited=\"on|desktop\" global_colors_info=\"{}\" theme_builder_area=\"post_content\" sticky_enabled=\"0\" custom_margin_last_edited=\"on|tablet\" custom_margin_tablet=\"||5px||false|false\" custom_margin_phone=\"||5px||false|false\"]\n<h2><span style=\"color: #00ffff;\">Produits H\u00f6rmann<\/span> SANS contrat d\u2019entretien<\/h2>\n<strong>Portes de garage<\/strong>\n<ul>\n \t<li>Panneaux de porte <strong>10 ans<\/strong><\/li>\n \t<li>Decograin <strong>5 ans<\/strong><\/li>\n \t<li>Pi\u00e8ces mobiles <strong>2 ans<\/strong><\/li>\n<\/ul>\n<strong>Motorisations et accessoires<\/strong>\n<ul>\n \t<li>T\u00eates de moteur, SupraMatic, ProMatic <strong>5 ans<\/strong><\/li>\n \t<li>Accessoires de motorisation <strong>2 ans<\/strong><\/li>\n \t<li>Rails de motorisation G <strong>2 ans<\/strong><\/li>\n \t<li>Motorisations de portes battantes et de portes coulissantes <strong>2 ans<\/strong><\/li>\n<\/ul>\n<strong>Portes d\u2019entr\u00e9e<\/strong>\n<ul>\n \t<li>Panneaux de porte aluminium <strong>10 ans<\/strong><\/li>\n \t<li>Panneaux de porte acier <strong>5 ans<\/strong><\/li>\n \t<li>Pi\u00e8ces mobiles et \u00e9lectriques <strong>2 ans<\/strong><\/li>\n<\/ul>\n<strong>Portes industrielles, motorisations et commandes<\/strong>\n<ul>\n \t<li>Portes et pi\u00e8ces mobiles <strong>2 ans<\/strong><\/li>\n<\/ul>\n[\/et_pb_text][\/et_pb_column][et_pb_column type=\"1_2\" _builder_version=\"4.27.4\" _module_preset=\"default\" global_colors_info=\"{}\" theme_builder_area=\"post_content\"][et_pb_text _builder_version=\"4.27.4\" _module_preset=\"default\" header_2_font_size=\"25px\" header_3_font_size=\"21px\" module_alignment=\"left\" custom_margin=\"0px||0px||false|false\" custom_padding=\"0px||0px||false|false\" animation_style=\"fade\" animation_duration=\"400ms\" animation_delay=\"400ms\" hover_enabled=\"0\" text_font_size_tablet=\"16px\" text_font_size_phone=\"16px\" text_font_size_last_edited=\"on|desktop\" header_font_size_last_edited=\"off|desktop\" header_2_font_size_tablet=\"22px\" header_2_font_size_phone=\"21px\" header_2_font_size_last_edited=\"on|phone\" header_3_font_size_tablet=\"19px\" header_3_font_size_phone=\"19px\" header_3_font_size_last_edited=\"on|desktop\" global_colors_info=\"{}\" theme_builder_area=\"post_content\" sticky_enabled=\"0\"]\n<h2><span style=\"color: #00ffff;\">Produits H\u00f6rmann<\/span> AVEC contrat d\u2019entretien<\/h2>\n<strong>Portes de garage<\/strong>\n<ul>\n \t<li>Panneaux de porte <strong>10 ans<\/strong><\/li>\n \t<li>Decograin <strong>5 ans<\/strong><\/li>\n \t<li>Pi\u00e8ces mobiles <strong>2 ans<\/strong><\/li>\n<\/ul>\n<strong>Motorisations et accessoires<\/strong>\n<ul>\n \t<li>T\u00eates de moteur, SupraMatic, ProMatic <strong>5 ans<\/strong><\/li>\n \t<li>Accessoires de motorisation <strong>5 ans<\/strong><\/li>\n \t<li>Rails de motorisation G <strong>5 ans<\/strong><\/li>\n \t<li>Motorisations de portes battantes et de portes coulissantes <strong>5 ans<\/strong><\/li>\n<\/ul>\n<strong>Portes d\u2019entr\u00e9e<\/strong>\n<ul>\n \t<li>Panneaux de porte aluminium <strong>10 ans<\/strong><\/li>\n \t<li>Panneaux de porte acier <strong>5 ans<\/strong><\/li>\n \t<li>Pi\u00e8ces mobiles et \u00e9lectriques <strong>5 ans<\/strong><\/li>\n<\/ul>\n<strong>Portes industrielles, motorisations et commandes<\/strong>\n<ul>\n \t<li>Portes et pi\u00e8ces mobiles <strong>2 ans<\/strong><\/li>\n<\/ul>\n[\/et_pb_text][\/et_pb_column][\/et_pb_row][\/et_pb_section]","_et_gb_content_width":"","footnotes":""},"class_list":["post-976","page","type-page","status-publish","hentry"],"_links":{"self":[{"href":"https:\/\/portes-brodard.ch\/de\/wp-json\/wp\/v2\/pages\/976","targetHints":{"allow":["GET"]}}],"collection":[{"href":"https:\/\/portes-brodard.ch\/de\/wp-json\/wp\/v2\/pages"}],"about":[{"href":"https:\/\/portes-brodard.ch\/de\/wp-json\/wp\/v2\/types\/page"}],"author":[{"embeddable":true,"href":"https:\/\/portes-brodard.ch\/de\/wp-json\/wp\/v2\/users\/1"}],"replies":[{"embeddable":true,"href":"https:\/\/portes-brodard.ch\/de\/wp-json\/wp\/v2\/comments?post=976"}],"version-history":[{"count":16,"href":"https:\/\/portes-brodard.ch\/de\/wp-json\/wp\/v2\/pages\/976\/revisions"}],"predecessor-version":[{"id":3863,"href":"https:\/\/portes-brodard.ch\/de\/wp-json\/wp\/v2\/pages\/976\/revisions\/3863"}],"up":[{"embeddable":true,"href":"https:\/\/portes-brodard.ch\/de\/wp-json\/wp\/v2\/pages\/1345"}],"wp:attachment":[{"href":"https:\/\/portes-brodard.ch\/de\/wp-json\/wp\/v2\/media?parent=976"}],"curies":[{"name":"wp","href":"https:\/\/api.w.org\/{rel}","templated":true}]}}