{"id":4851,"date":"2025-12-09T07:09:56","date_gmt":"2025-12-09T06:09:56","guid":{"rendered":"https:\/\/portes-brodard.ch\/?page_id=4851"},"modified":"2026-01-22T08:45:57","modified_gmt":"2026-01-22T07:45:57","slug":"videos-von-projekten","status":"publish","type":"page","link":"https:\/\/portes-brodard.ch\/de\/videos-von-projekten\/","title":{"rendered":"Videos von Projekten"},"content":{"rendered":"<p>[et_pb_section fb_built=&#8220;1&#8243; module_class=&#8220;section_banner&#8220; _builder_version=&#8220;4.27.4&#8243; _module_preset=&#8220;default&#8220; background_image=&#8220;https:\/\/portes-brodard.ch\/wp-content\/uploads\/2025\/05\/Portail-coulissant-en-acier-2-1-scaled.jpg&#8220; custom_margin=&#8220;0px||0px||false|false&#8220; custom_padding=&#8220;0px||0px||false|false&#8220; animation_style=&#8220;fade&#8220; animation_duration=&#8220;400ms&#8220; animation_delay=&#8220;400ms&#8220; global_colors_info=&#8220;{}&#8220;][et_pb_row custom_padding_last_edited=&#8220;on|desktop&#8220; _builder_version=&#8220;4.27.4&#8243; _module_preset=&#8220;default&#8220; width=&#8220;100%&#8220; max_width=&#8220;100%&#8220; custom_margin=&#8220;0px||0px||false|false&#8220; custom_padding=&#8220;150px||150px||true|false&#8220; custom_padding_tablet=&#8220;125px||125px||true|false&#8220; custom_padding_phone=&#8220;100px||100px||true|false&#8220; global_colors_info=&#8220;{}&#8220;][et_pb_column type=&#8220;4_4&#8243; _builder_version=&#8220;4.27.4&#8243; _module_preset=&#8220;default&#8220; global_colors_info=&#8220;{}&#8220;][\/et_pb_column][\/et_pb_row][\/et_pb_section][et_pb_section fb_built=&#8220;1&#8243; custom_padding_last_edited=&#8220;on|phone&#8220; module_class=&#8220;section_videos-real&#8220; _builder_version=&#8220;4.27.4&#8243; _module_preset=&#8220;default&#8220; custom_margin=&#8220;0px||0px||false|false&#8220; custom_padding=&#8220;75px|30px|70px|30px|false|true&#8220; custom_padding_tablet=&#8220;55px|15px|50px|15px|false|true&#8220; custom_padding_phone=&#8220;|15px||15px|false|true&#8220; global_colors_info=&#8220;{}&#8220;][et_pb_row _builder_version=&#8220;4.27.4&#8243; _module_preset=&#8220;default&#8220; custom_margin=&#8220;0px||0px||false|false&#8220; custom_padding=&#8220;0px||0px||false|false&#8220; global_colors_info=&#8220;{}&#8220;][et_pb_column type=&#8220;4_4&#8243; _builder_version=&#8220;4.27.4&#8243; _module_preset=&#8220;default&#8220; global_colors_info=&#8220;{}&#8220;][et_pb_text _builder_version=&#8220;4.27.5&#8243; _module_preset=&#8220;default&#8220; header_font_size=&#8220;41px&#8220; header_2_font_size=&#8220;41px&#8220; width=&#8220;800px&#8220; max_width=&#8220;100%&#8220; module_alignment=&#8220;left&#8220; custom_margin=&#8220;0px||5px||false|false&#8220; custom_padding=&#8220;0px||0px||false|false&#8220; animation_style=&#8220;fade&#8220; animation_duration=&#8220;400ms&#8220; animation_delay=&#8220;400ms&#8220; hover_enabled=&#8220;0&#8243; text_font_size_tablet=&#8220;16px&#8220; text_font_size_phone=&#8220;16px&#8220; text_font_size_last_edited=&#8220;on|desktop&#8220; header_font_size_tablet=&#8220;36px&#8220; header_font_size_phone=&#8220;31px&#8220; header_font_size_last_edited=&#8220;on|desktop&#8220; global_colors_info=&#8220;{}&#8220; sticky_enabled=&#8220;0&#8243;]<\/p>\n<h1><span style=\"color: #33cccc;\">Videos<\/span> von Projekten<\/h1>\n<p>[\/et_pb_text][et_pb_text _builder_version=&#8220;4.27.5&#8243; _module_preset=&#8220;default&#8220; header_font_size=&#8220;41px&#8220; header_2_font_size=&#8220;41px&#8220; width=&#8220;800px&#8220; max_width=&#8220;100%&#8220; module_alignment=&#8220;left&#8220; custom_margin=&#8220;0px||45px||false|false&#8220; custom_padding=&#8220;0px||0px||false|false&#8220; animation_style=&#8220;fade&#8220; animation_duration=&#8220;400ms&#8220; animation_delay=&#8220;400ms&#8220; hover_enabled=&#8220;0&#8243; text_font_size_tablet=&#8220;16px&#8220; text_font_size_phone=&#8220;16px&#8220; text_font_size_last_edited=&#8220;on|desktop&#8220; header_font_size_tablet=&#8220;36px&#8220; header_font_size_phone=&#8220;31px&#8220; header_font_size_last_edited=&#8220;on|desktop&#8220; global_colors_info=&#8220;{}&#8220; sticky_enabled=&#8220;0&#8243;]<\/p>\n<p>Auf dieser Seite finden Sie verschiedene Videos unserer Projekte.<\/p>\n<p>[\/et_pb_text][dvg_divi_video_gallery autoplay=&#8220;off&#8220; columns=&#8220;2&#8243; spacing=&#8220;30&#8243; on_click=&#8220;inline&#8220; icon=&#8220;&#xf167;||fa||400&#8243; preview_content=&#8220;icon_title_subtitle&#8220; hover_content=&#8220;icon_title_subtitle&#8220; overlay_color=&#8220;rgba(10,10,10,0.15)&#8220; use_filter=&#8220;on&#8220; filter_all_text=&#8220;Alle&#8220; columns_tablet=&#8220;2&#8243; columns_phone=&#8220;1&#8243; columns_last_edited=&#8220;on|desktop&#8220; _builder_version=&#8220;4.27.5&#8243; _module_preset=&#8220;default&#8220; overlay_icon_text_color=&#8220;#ff0033&#8243; overlay_icon_font_size=&#8220;70px&#8220; overlay_title_text_color=&#8220;#416889&#8243; overlay_title_font_size=&#8220;17px&#8220; overlay_title_line_height=&#8220;1.2em&#8220; animation_style=&#8220;fade&#8220; animation_duration=&#8220;400ms&#8220; animation_delay=&#8220;400ms&#8220; hover_enabled=&#8220;0&#8243; overlay_icon_font_size_tablet=&#8220;60px&#8220; overlay_icon_font_size_phone=&#8220;50px&#8220; overlay_icon_font_size_last_edited=&#8220;on|desktop&#8220; overlay_title_font_size_tablet=&#8220;16px&#8220; overlay_title_font_size_phone=&#8220;16px&#8220; overlay_title_font_size_last_edited=&#8220;on|tablet&#8220; global_colors_info=&#8220;{}&#8220; sticky_enabled=&#8220;0&#8243;][dvg_divi_video_gallery_item title=&#8220;ECAB &#8211; Hochwasserschutzt\u00fcr&#8220; src=&#8220;https:\/\/www.youtube.com\/watch?v=j4tKqDXkS8I&#8220; image_src=&#8220;https:\/\/portes-brodard.ch\/wp-content\/uploads\/2025\/04\/basculante-a-contrepoids-remplissage-bois.jpg&#8220; category=&#8220;Sonderausf\u00fchrungen&#8220; _builder_version=&#8220;4.27.5&#8243; _module_preset=&#8220;default&#8220; hover_enabled=&#8220;0&#8243; global_colors_info=&#8220;{}&#8220; sticky_enabled=&#8220;0&#8243;][\/dvg_divi_video_gallery_item][dvg_divi_video_gallery_item title=&#8220;ECAB &#8211; Hochwasserschutzt\u00fcr&#8220; src=&#8220;https:\/\/www.youtube.com\/watch?v=O9JLR6dp7jg&#8220; image_src=&#8220;\/\/i.ytimg.com\/vi\/O9JLR6dp7jg\/hqdefault.jpg&#8220; category=&#8220;Sonderausf\u00fchrungen&#8220; _builder_version=&#8220;4.27.5&#8243; _module_preset=&#8220;default&#8220; hover_enabled=&#8220;0&#8243; global_colors_info=&#8220;{}&#8220; sticky_enabled=&#8220;0&#8243;][\/dvg_divi_video_gallery_item][dvg_divi_video_gallery_item title=&#8220;Wand Rathaus Freiburg&#8220; src=&#8220;https:\/\/www.youtube.com\/watch?v=M9iuT7P70FE&#8220; image_src=&#8220;\/\/i.ytimg.com\/vi\/M9iuT7P70FE\/hqdefault.jpg&#8220; category=&#8220;Sonderausf\u00fchrungen&#8220; _builder_version=&#8220;4.27.5&#8243; _module_preset=&#8220;default&#8220; hover_enabled=&#8220;0&#8243; global_colors_info=&#8220;{}&#8220; sticky_enabled=&#8220;0&#8243;][\/dvg_divi_video_gallery_item][dvg_divi_video_gallery_item title=&#8220;Eingangst\u00fcren&#8220; src=&#8220;https:\/\/www.youtube.com\/watch?v=IAPiyRHAATA&#8220; image_src=&#8220;\/\/i.ytimg.com\/vi\/IAPiyRHAATA\/hqdefault.jpg&#8220; category=&#8220;Lebensr\u00e4ume&#8220; _builder_version=&#8220;4.27.5&#8243; _module_preset=&#8220;default&#8220; hover_enabled=&#8220;0&#8243; global_colors_info=&#8220;{}&#8220; sticky_enabled=&#8220;0&#8243;][\/dvg_divi_video_gallery_item][dvg_divi_video_gallery_item title=&#8220;Garagentore&#8220; src=&#8220;https:\/\/www.youtube.com\/watch?v=1NGF-GhGzKc&#8220; image_src=&#8220;\/\/i.ytimg.com\/vi\/1NGF-GhGzKc\/hqdefault.jpg&#8220; category=&#8220;Lebensr\u00e4ume&#8220; _builder_version=&#8220;4.27.5&#8243; _module_preset=&#8220;default&#8220; hover_enabled=&#8220;0&#8243; global_colors_info=&#8220;{}&#8220; sticky_enabled=&#8220;0&#8243;][\/dvg_divi_video_gallery_item][dvg_divi_video_gallery_item title=&#8220;Garagentore&#8220; src=&#8220;https:\/\/www.youtube.com\/watch?v=trnz18nynzQ&#8220; image_src=&#8220;\/\/i.ytimg.com\/vi\/trnz18nynzQ\/hqdefault.jpg&#8220; category=&#8220;Lebensr\u00e4ume&#8220; _builder_version=&#8220;4.27.5&#8243; _module_preset=&#8220;default&#8220; hover_enabled=&#8220;0&#8243; global_colors_info=&#8220;{}&#8220; sticky_enabled=&#8220;0&#8243;][\/dvg_divi_video_gallery_item][\/dvg_divi_video_gallery][\/et_pb_column][\/et_pb_row][\/et_pb_section]<\/p>\n","protected":false},"excerpt":{"rendered":"<p>Videos von ProjektenAuf dieser Seite finden Sie verschiedene Videos unserer Projekte.<div class=\"et_pb_module dvg_divi_video_gallery dvg_divi_video_gallery_0 et_animated\">\n\t\t\t\t\n\t\t\t\t\n\t\t\t\t\n\t\t\t\t\n\t\t\t\t\n\t\t\t\t\n\t\t\t\t<div class=\"et_pb_module_inner\">\n\t\t\t\t\t\n\t\t\t\t<div class=\"dvg-gallery-filter-container\">\n          \t\t\t\t\t\t<ul data-columns=\"2, 2, 1\" class=\"dvg-gallery-filter-categories\">\n\t\t\t\t\t\t            <li data-value=\"\" class=\"dvg-gallery-filter dvg-filter-active\">Alle<\/li>\n          \t\t\t\t\t\t<\/ul>\n        \t\t\t\t\t<\/div>\n\t\t\t\t<div data-cols=\"2,2,1\" data-space=\"30,30,30\"  class=\"dvg-videos dvg-gallery-container dvg-landscape-layout dvg-gallery-col-1 dvg-plays-inline dvg-without-autoplay\">\n\t\t\t\t\t\n\t\t\t\t<\/div>\n\t\t\t\t\n\t\t\t\t<\/div>\n\t\t\t<\/div><div class=\"et_pb_module dvg_divi_video_gallery_item dvg_divi_video_gallery_item_0\">\n\t\t\t\t\n\t\t\t\t\n\t\t\t\t\n\t\t\t\t\n\t\t\t\t\n\t\t\t\t\n\t\t\t\t<div class=\"et_pb_module_inner\">\n\t\t\t\t\t\n\t\t\t\t<\/div>\n\t\t\t<\/div><div class=\"et_pb_module dvg_divi_video_gallery_item dvg_divi_video_gallery_item_1\">\n\t\t\t\t\n\t\t\t\t\n\t\t\t\t\n\t\t\t\t\n\t\t\t\t\n\t\t\t\t\n\t\t\t\t<div class=\"et_pb_module_inner\">\n\t\t\t\t\t\n\t\t\t\t<\/div>\n\t\t\t<\/div><\/p>\n","protected":false},"author":1,"featured_media":0,"parent":0,"menu_order":0,"comment_status":"closed","ping_status":"closed","template":"","meta":{"_et_pb_use_builder":"on","_et_pb_old_content":"[et_pb_section fb_built=\"1\" module_class=\"section_banner\" _builder_version=\"4.27.4\" _module_preset=\"default\" background_image=\"https:\/\/portes-brodard.ch\/wp-content\/uploads\/2025\/05\/Portail-coulissant-en-acier-2-1-scaled.jpg\" custom_margin=\"0px||0px||false|false\" custom_padding=\"0px||0px||false|false\" animation_style=\"fade\" animation_duration=\"400ms\" animation_delay=\"400ms\" global_colors_info=\"{}\"][et_pb_row custom_padding_last_edited=\"on|desktop\" _builder_version=\"4.27.4\" _module_preset=\"default\" width=\"100%\" max_width=\"100%\" custom_margin=\"0px||0px||false|false\" custom_padding=\"150px||150px||true|false\" custom_padding_tablet=\"125px||125px||true|false\" custom_padding_phone=\"100px||100px||true|false\" global_colors_info=\"{}\"][et_pb_column type=\"4_4\" _builder_version=\"4.27.4\" _module_preset=\"default\" global_colors_info=\"{}\"][\/et_pb_column][\/et_pb_row][\/et_pb_section][et_pb_section fb_built=\"1\" custom_padding_last_edited=\"on|phone\" module_class=\"section_videos-real\" _builder_version=\"4.27.4\" _module_preset=\"default\" custom_margin=\"0px||0px||false|false\" custom_padding=\"75px|30px|70px|30px|false|true\" custom_padding_tablet=\"55px|15px|50px|15px|false|true\" custom_padding_phone=\"|15px||15px|false|true\" global_colors_info=\"{}\"][et_pb_row _builder_version=\"4.27.4\" _module_preset=\"default\" custom_margin=\"0px||0px||false|false\" custom_padding=\"0px||0px||false|false\" global_colors_info=\"{}\"][et_pb_column type=\"4_4\" _builder_version=\"4.27.4\" _module_preset=\"default\" global_colors_info=\"{}\"][et_pb_text _builder_version=\"4.27.4\" _module_preset=\"default\" header_font_size=\"41px\" header_2_font_size=\"41px\" width=\"800px\" max_width=\"100%\" module_alignment=\"left\" custom_margin=\"0px||5px||false|false\" custom_padding=\"0px||0px||false|false\" animation_style=\"fade\" animation_duration=\"400ms\" animation_delay=\"400ms\" text_font_size_tablet=\"16px\" text_font_size_phone=\"16px\" text_font_size_last_edited=\"on|desktop\" header_font_size_tablet=\"36px\" header_font_size_phone=\"31px\" header_font_size_last_edited=\"on|desktop\" global_colors_info=\"{}\"]\n<h1><span style=\"color: #33cccc;\">Vid\u00e9os<\/span> de r\u00e9alisations<\/h1>\n[\/et_pb_text][et_pb_text _builder_version=\"4.27.5\" _module_preset=\"default\" header_font_size=\"41px\" header_2_font_size=\"41px\" width=\"800px\" max_width=\"100%\" module_alignment=\"left\" custom_margin=\"0px||45px||false|false\" custom_padding=\"0px||0px||false|false\" animation_style=\"fade\" animation_duration=\"400ms\" animation_delay=\"400ms\" hover_enabled=\"0\" text_font_size_tablet=\"16px\" text_font_size_phone=\"16px\" text_font_size_last_edited=\"on|desktop\" header_font_size_tablet=\"36px\" header_font_size_phone=\"31px\" header_font_size_last_edited=\"on|desktop\" global_colors_info=\"{}\" sticky_enabled=\"0\"]\n\nSur cette page, retrouvez diff\u00e9rentes vid\u00e9os de nos r\u00e9alisations.\n\n[\/et_pb_text][dvg_divi_video_gallery autoplay=\"off\" columns=\"2\" spacing=\"30\" on_click=\"inline\" icon=\"&#xf167;||fa||400\" preview_content=\"icon_title_subtitle\" hover_content=\"icon_title_subtitle\" overlay_color=\"rgba(10,10,10,0.15)\" use_filter=\"on\" filter_all_text=\"Tous\" columns_tablet=\"2\" columns_phone=\"1\" columns_last_edited=\"on|desktop\" _builder_version=\"4.27.4\" _module_preset=\"default\" overlay_icon_text_color=\"#ff0033\" overlay_icon_font_size=\"70px\" overlay_title_text_color=\"#416889\" overlay_title_font_size=\"17px\" overlay_title_line_height=\"1.2em\" animation_style=\"fade\" animation_duration=\"400ms\" animation_delay=\"400ms\" overlay_icon_font_size_tablet=\"60px\" overlay_icon_font_size_phone=\"50px\" overlay_icon_font_size_last_edited=\"on|desktop\" overlay_title_font_size_tablet=\"16px\" overlay_title_font_size_phone=\"16px\" overlay_title_font_size_last_edited=\"on|tablet\" global_colors_info=\"{}\"][dvg_divi_video_gallery_item title=\"ECAB - Porte anti-inondation\" src=\"https:\/\/www.youtube.com\/watch?v=j4tKqDXkS8I\" image_src=\"https:\/\/portes-brodard.ch\/wp-content\/uploads\/2025\/04\/basculante-a-contrepoids-remplissage-bois.jpg\" category=\"Ex\u00e9cutions sp\u00e9ciales\" _builder_version=\"4.27.4\" _module_preset=\"default\" global_colors_info=\"{}\"][\/dvg_divi_video_gallery_item][dvg_divi_video_gallery_item title=\"ECAB - Porte anti-inondation\" src=\"https:\/\/www.youtube.com\/watch?v=O9JLR6dp7jg\" image_src=\"\/\/i.ytimg.com\/vi\/O9JLR6dp7jg\/hqdefault.jpg\" category=\"Ex\u00e9cutions sp\u00e9ciales\" _builder_version=\"4.27.4\" _module_preset=\"default\" global_colors_info=\"{}\"][\/dvg_divi_video_gallery_item][dvg_divi_video_gallery_item title=\"Paroi H\u00f4tel de Ville Fribourg\" src=\"https:\/\/www.youtube.com\/watch?v=M9iuT7P70FE\" image_src=\"\/\/i.ytimg.com\/vi\/M9iuT7P70FE\/hqdefault.jpg\" category=\"Ex\u00e9cutions sp\u00e9ciales\" _builder_version=\"4.27.4\" _module_preset=\"default\" global_colors_info=\"{}\"][\/dvg_divi_video_gallery_item][dvg_divi_video_gallery_item title=\"Portes d'entr\u00e9e\" src=\"https:\/\/www.youtube.com\/watch?v=IAPiyRHAATA\" image_src=\"\/\/i.ytimg.com\/vi\/IAPiyRHAATA\/hqdefault.jpg\" category=\"Habitats\" _builder_version=\"4.27.4\" _module_preset=\"default\" global_colors_info=\"{}\"][\/dvg_divi_video_gallery_item][dvg_divi_video_gallery_item title=\"Portes de garage\" src=\"https:\/\/www.youtube.com\/watch?v=1NGF-GhGzKc\" image_src=\"\/\/i.ytimg.com\/vi\/1NGF-GhGzKc\/hqdefault.jpg\" category=\"Habitats\" _builder_version=\"4.27.4\" _module_preset=\"default\" global_colors_info=\"{}\"][\/dvg_divi_video_gallery_item][dvg_divi_video_gallery_item title=\"Portes de garage\" src=\"https:\/\/www.youtube.com\/watch?v=trnz18nynzQ\" image_src=\"\/\/i.ytimg.com\/vi\/trnz18nynzQ\/hqdefault.jpg\" category=\"Habitats\" _builder_version=\"4.27.4\" _module_preset=\"default\" global_colors_info=\"{}\"][\/dvg_divi_video_gallery_item][\/dvg_divi_video_gallery][\/et_pb_column][\/et_pb_row][\/et_pb_section][et_pb_section fb_built=\"1\" custom_padding_last_edited=\"on|phone\" disabled_on=\"on|on|on\" module_class=\"section_buttons-videos\" _builder_version=\"4.27.4\" _module_preset=\"default\" custom_margin=\"0px||0px||false|false\" custom_padding=\"0px|30px|30px|30px|false|true\" custom_padding_tablet=\"|15px||15px|false|true\" custom_padding_phone=\"|15px||15px|false|true\" disabled=\"on\" global_colors_info=\"{}\"][et_pb_row _builder_version=\"4.27.4\" _module_preset=\"default\" custom_margin=\"0px||0px||false|false\" custom_padding=\"0px||0px||false|false\" animation_style=\"fade\" animation_duration=\"400ms\" animation_delay=\"400ms\" global_colors_info=\"{}\"][et_pb_column type=\"4_4\" _builder_version=\"4.27.4\" _module_preset=\"default\" global_colors_info=\"{}\"][et_pb_button button_text=\"Tous\" module_class=\"df-button\" _builder_version=\"4.27.4\" _module_preset=\"default\" custom_margin=\"0px||0px||false|false\" custom_padding=\"||||false|false\" global_colors_info=\"{}\"][\/et_pb_button][et_pb_button button_text=\"Ex\u00e9cutions sp\u00e9ciales\" module_class=\"df-button dfc-executions-speciales\" _builder_version=\"4.27.4\" _module_preset=\"default\" custom_margin=\"0px||0px||false|false\" custom_padding=\"||||false|false\" global_colors_info=\"{}\"][\/et_pb_button][et_pb_button button_text=\"Habitats\" module_class=\"df-button dfc-habitats\" _builder_version=\"4.27.4\" _module_preset=\"default\" custom_margin=\"0px||0px||false|false\" custom_padding=\"||||false|false\" global_colors_info=\"{}\"][\/et_pb_button][\/et_pb_column][\/et_pb_row][\/et_pb_section][et_pb_section fb_built=\"1\" custom_padding_last_edited=\"on|desktop\" disabled_on=\"on|on|on\" module_class=\"df-area section_videos\" _builder_version=\"4.27.4\" _module_preset=\"default\" custom_margin=\"0px||0px||false|false\" custom_padding=\"0px|30px|90px|30px|false|true\" custom_padding_tablet=\"|15px|70px|15px|false|true\" custom_padding_phone=\"|15px||15px|false|true\" disabled=\"on\" global_colors_info=\"{}\"][et_pb_row column_structure=\"1_6,1_6,1_6,1_6,1_6,1_6\" _builder_version=\"4.27.4\" _module_preset=\"default\" custom_margin=\"0px||0px||false|false\" custom_padding=\"0px||0px||false|false\" global_colors_info=\"{}\"][et_pb_column type=\"1_6\" module_class=\"dfc-executions-speciales\" admin_label=\"ECAB - Porte anti-inondation\" _builder_version=\"4.27.4\" _module_preset=\"default\" global_colors_info=\"{}\"][et_pb_video src=\"https:\/\/www.youtube.com\/watch?v=j4tKqDXkS8I\" _builder_version=\"4.27.4\" _module_preset=\"default\" animation_style=\"fade\" animation_duration=\"400ms\" animation_delay=\"400ms\" global_colors_info=\"{}\"][\/et_pb_video][\/et_pb_column][et_pb_column type=\"1_6\" module_class=\"dfc-executions-speciales\" admin_label=\"ECAB - Porte anti-inondation\" _builder_version=\"4.27.4\" _module_preset=\"default\" global_colors_info=\"{}\"][et_pb_video src=\"https:\/\/www.youtube.com\/watch?v=O9JLR6dp7jg\" _builder_version=\"4.27.4\" _module_preset=\"default\" animation_style=\"fade\" animation_duration=\"400ms\" animation_delay=\"400ms\" global_colors_info=\"{}\"][\/et_pb_video][\/et_pb_column][et_pb_column type=\"1_6\" module_class=\"dfc-executions-speciales\" admin_label=\"Paroi H\u00f4tel de Ville Fribourg\" _builder_version=\"4.27.4\" _module_preset=\"default\" global_colors_info=\"{}\"][et_pb_video src=\"https:\/\/www.youtube.com\/watch?v=M9iuT7P70FE\" _builder_version=\"4.27.4\" _module_preset=\"default\" animation_style=\"fade\" animation_duration=\"400ms\" animation_delay=\"400ms\" global_colors_info=\"{}\"][\/et_pb_video][\/et_pb_column][et_pb_column type=\"1_6\" module_class=\"dfc-habitats\" admin_label=\"Portes d'entr\u00e9e\" _builder_version=\"4.27.4\" _module_preset=\"default\" global_colors_info=\"{}\"][et_pb_video src=\"https:\/\/www.youtube.com\/watch?v=IAPiyRHAATA\" _builder_version=\"4.27.4\" _module_preset=\"default\" animation_style=\"fade\" animation_duration=\"400ms\" animation_delay=\"400ms\" global_colors_info=\"{}\"][\/et_pb_video][\/et_pb_column][et_pb_column type=\"1_6\" module_class=\"dfc-habitats\" admin_label=\"Portes de garage\" _builder_version=\"4.27.4\" _module_preset=\"default\" global_colors_info=\"{}\"][et_pb_video src=\"https:\/\/www.youtube.com\/watch?v=1NGF-GhGzKc\" _builder_version=\"4.27.4\" _module_preset=\"default\" animation_style=\"fade\" animation_duration=\"400ms\" animation_delay=\"400ms\" global_colors_info=\"{}\"][\/et_pb_video][\/et_pb_column][et_pb_column type=\"1_6\" module_class=\"dfc-habitats\" admin_label=\"Portes de garage\" _builder_version=\"4.27.4\" _module_preset=\"default\" global_colors_info=\"{}\"][et_pb_video src=\"https:\/\/www.youtube.com\/watch?v=1NGF-GhGzKc\" _builder_version=\"4.27.4\" _module_preset=\"default\" animation_style=\"fade\" animation_duration=\"400ms\" animation_delay=\"400ms\" global_colors_info=\"{}\"][\/et_pb_video][\/et_pb_column][\/et_pb_row][\/et_pb_section]","_et_gb_content_width":"","footnotes":""},"class_list":["post-4851","page","type-page","status-publish","hentry"],"_links":{"self":[{"href":"https:\/\/portes-brodard.ch\/de\/wp-json\/wp\/v2\/pages\/4851","targetHints":{"allow":["GET"]}}],"collection":[{"href":"https:\/\/portes-brodard.ch\/de\/wp-json\/wp\/v2\/pages"}],"about":[{"href":"https:\/\/portes-brodard.ch\/de\/wp-json\/wp\/v2\/types\/page"}],"author":[{"embeddable":true,"href":"https:\/\/portes-brodard.ch\/de\/wp-json\/wp\/v2\/users\/1"}],"replies":[{"embeddable":true,"href":"https:\/\/portes-brodard.ch\/de\/wp-json\/wp\/v2\/comments?post=4851"}],"version-history":[{"count":8,"href":"https:\/\/portes-brodard.ch\/de\/wp-json\/wp\/v2\/pages\/4851\/revisions"}],"predecessor-version":[{"id":4859,"href":"https:\/\/portes-brodard.ch\/de\/wp-json\/wp\/v2\/pages\/4851\/revisions\/4859"}],"wp:attachment":[{"href":"https:\/\/portes-brodard.ch\/de\/wp-json\/wp\/v2\/media?parent=4851"}],"curies":[{"name":"wp","href":"https:\/\/api.w.org\/{rel}","templated":true}]}}