{"id":2249,"date":"2025-04-30T05:33:08","date_gmt":"2025-04-30T05:33:08","guid":{"rendered":"https:\/\/portes-brodard.ch\/?page_id=2249"},"modified":"2025-05-12T11:52:07","modified_gmt":"2025-05-12T11:52:07","slug":"atelier-de-tolerie","status":"publish","type":"page","link":"https:\/\/portes-brodard.ch\/de\/dienstleistungen\/blechbearbeitung\/","title":{"rendered":"Blechbearbeitung"},"content":{"rendered":"<p>[et_pb_section fb_built=&#8220;1&#8243; module_class=&#8220;section_banner&#8220; _builder_version=&#8220;4.27.4&#8243; _module_preset=&#8220;default&#8220; background_image=&#8220;https:\/\/portes-brodard.ch\/wp-content\/uploads\/2025\/04\/Fronton-affleure-Neuchatel-2.jpg&#8220; custom_margin=&#8220;0px||0px||false|false&#8220; custom_padding=&#8220;0px||0px||false|false&#8220; animation_style=&#8220;fade&#8220; animation_duration=&#8220;400ms&#8220; animation_delay=&#8220;400ms&#8220; global_colors_info=&#8220;{}&#8220;][et_pb_row custom_padding_last_edited=&#8220;on|desktop&#8220; _builder_version=&#8220;4.27.4&#8243; _module_preset=&#8220;default&#8220; width=&#8220;100%&#8220; max_width=&#8220;100%&#8220; custom_margin=&#8220;0px||0px||false|false&#8220; custom_padding=&#8220;150px||150px||true|false&#8220; custom_padding_tablet=&#8220;125px||125px||true|false&#8220; custom_padding_phone=&#8220;100px||100px||true|false&#8220; global_colors_info=&#8220;{}&#8220;][et_pb_column type=&#8220;4_4&#8243; _builder_version=&#8220;4.27.4&#8243; _module_preset=&#8220;default&#8220; global_colors_info=&#8220;{}&#8220;][\/et_pb_column][\/et_pb_row][\/et_pb_section][et_pb_section fb_built=&#8220;1&#8243; custom_padding_last_edited=&#8220;on|desktop&#8220; module_id=&#8220;team&#8220; _builder_version=&#8220;4.27.4&#8243; _module_preset=&#8220;default&#8220; background_enable_color=&#8220;off&#8220; custom_margin=&#8220;0px||0px||false|false&#8220; custom_padding=&#8220;75px|30px|100px|30px|false|true&#8220; custom_padding_tablet=&#8220;55px|15px|80px|15px|false|true&#8220; custom_padding_phone=&#8220;|15px||15px|false|true&#8220; collapsed=&#8220;off&#8220; global_colors_info=&#8220;{}&#8220;][et_pb_row _builder_version=&#8220;4.27.4&#8243; _module_preset=&#8220;default&#8220; custom_margin=&#8220;0px||45px||false|false&#8220; custom_margin_tablet=&#8220;||40px||false|false&#8220; custom_margin_phone=&#8220;||35px||false|false&#8220; custom_margin_last_edited=&#8220;on|desktop&#8220; custom_padding=&#8220;0px||0px||false|false&#8220; global_colors_info=&#8220;{}&#8220;][et_pb_column type=&#8220;4_4&#8243; _builder_version=&#8220;4.27.4&#8243; _module_preset=&#8220;default&#8220; global_colors_info=&#8220;{}&#8220;][et_pb_text _builder_version=&#8220;4.27.4&#8243; _module_preset=&#8220;default&#8220; header_font_size=&#8220;41px&#8220; header_2_font_size=&#8220;41px&#8220; text_orientation=&#8220;center&#8220; width=&#8220;580px&#8220; width_tablet=&#8220;580px&#8220; width_phone=&#8220;580px&#8220; width_last_edited=&#8220;on|desktop&#8220; max_width=&#8220;100%&#8220; module_alignment=&#8220;center&#8220; custom_margin=&#8220;0px||0px||false|false&#8220; custom_padding=&#8220;0px||0px||false|false&#8220; animation_style=&#8220;fade&#8220; animation_duration=&#8220;400ms&#8220; animation_delay=&#8220;400ms&#8220; hover_enabled=&#8220;0&#8243; text_font_size_tablet=&#8220;16px&#8220; text_font_size_phone=&#8220;16px&#8220; text_font_size_last_edited=&#8220;on|desktop&#8220; header_font_size_tablet=&#8220;36px&#8220; header_font_size_phone=&#8220;31px&#8220; header_font_size_last_edited=&#8220;on|desktop&#8220; global_colors_info=&#8220;{}&#8220; sticky_enabled=&#8220;0&#8243;]<\/p>\n<h1>Blechwerkstatt<\/h1>\n<p>Unsere Blechabteilung ist in der Lage, Ihre Schneid-, Biege- und Stanzarbeiten durchzuf\u00fchren.<\/p>\n<p>[\/et_pb_text][\/et_pb_column][\/et_pb_row][et_pb_row module_class=&#8220;row_tolerie&#8220; _builder_version=&#8220;4.27.4&#8243; _module_preset=&#8220;default&#8220; custom_margin=&#8220;0px||60px||false|false&#8220; custom_margin_tablet=&#8220;||50px||false|false&#8220; custom_margin_phone=&#8220;||40px||false|false&#8220; custom_margin_last_edited=&#8220;on|desktop&#8220; custom_padding=&#8220;0px||0px||false|false&#8220; global_colors_info=&#8220;{}&#8220;][et_pb_column type=&#8220;4_4&#8243; _builder_version=&#8220;4.27.4&#8243; _module_preset=&#8220;default&#8220; global_colors_info=&#8220;{}&#8220;][et_pb_text _builder_version=&#8220;4.27.4&#8243; _module_preset=&#8220;default&#8220; header_3_font_size=&#8220;21px&#8220; background_color=&#8220;#F2F5F7&#8243; text_orientation=&#8220;center&#8220; custom_margin=&#8220;0px||0px||false|false&#8220; custom_padding=&#8220;18px|15px|15px|15px|false|true&#8220; animation_style=&#8220;fade&#8220; animation_duration=&#8220;400ms&#8220; animation_delay=&#8220;400ms&#8220; hover_enabled=&#8220;0&#8243; text_font_size_tablet=&#8220;16px&#8220; text_font_size_phone=&#8220;16px&#8220; text_font_size_last_edited=&#8220;on|desktop&#8220; header_3_font_size_tablet=&#8220;19px&#8220; header_3_font_size_phone=&#8220;&#8220; header_3_font_size_last_edited=&#8220;on|phone&#8220; border_width_bottom=&#8220;1px&#8220; border_color_bottom=&#8220;rgba(37,37,37,0.1)&#8220; global_colors_info=&#8220;{}&#8220; sticky_enabled=&#8220;0&#8243;]<\/p>\n<h3>Alu-Blech \u2013 bis zu 6 mm<\/h3>\n<p>Maximale Breite von 3&#8217;000 mm<\/p>\n<p>[\/et_pb_text][et_pb_text _builder_version=&#8220;4.27.4&#8243; _module_preset=&#8220;default&#8220; header_3_font_size=&#8220;21px&#8220; background_color=&#8220;#F2F5F7&#8243; text_orientation=&#8220;center&#8220; custom_margin=&#8220;0px||0px||false|false&#8220; custom_padding=&#8220;18px|15px|15px|15px|false|true&#8220; animation_style=&#8220;fade&#8220; animation_duration=&#8220;400ms&#8220; animation_delay=&#8220;400ms&#8220; hover_enabled=&#8220;0&#8243; text_font_size_tablet=&#8220;16px&#8220; text_font_size_phone=&#8220;16px&#8220; text_font_size_last_edited=&#8220;on|desktop&#8220; header_3_font_size_tablet=&#8220;19px&#8220; header_3_font_size_phone=&#8220;&#8220; header_3_font_size_last_edited=&#8220;on|phone&#8220; border_width_bottom=&#8220;1px&#8220; border_color_bottom=&#8220;rgba(37,37,37,0.1)&#8220; global_colors_info=&#8220;{}&#8220; sticky_enabled=&#8220;0&#8243;]<\/p>\n<h3>Stahlblech \u2013 bis zu 6 mm<\/h3>\n<p>Maximale Breite von 3&#8217;000 mm<\/p>\n<p>[\/et_pb_text][et_pb_text _builder_version=&#8220;4.27.4&#8243; _module_preset=&#8220;default&#8220; header_3_font_size=&#8220;21px&#8220; background_color=&#8220;#F2F5F7&#8243; text_orientation=&#8220;center&#8220; custom_margin=&#8220;0px||0px||false|false&#8220; custom_padding=&#8220;18px|15px|15px|15px|false|true&#8220; animation_style=&#8220;fade&#8220; animation_duration=&#8220;400ms&#8220; animation_delay=&#8220;400ms&#8220; hover_enabled=&#8220;0&#8243; text_font_size_tablet=&#8220;16px&#8220; text_font_size_phone=&#8220;16px&#8220; text_font_size_last_edited=&#8220;on|desktop&#8220; header_3_font_size_tablet=&#8220;19px&#8220; header_3_font_size_phone=&#8220;&#8220; header_3_font_size_last_edited=&#8220;on|phone&#8220; border_width_bottom=&#8220;1px&#8220; border_color_bottom=&#8220;rgba(37,37,37,0.1)&#8220; global_colors_info=&#8220;{}&#8220; sticky_enabled=&#8220;0&#8243;]<\/p>\n<h3>Edelstahlblech \u2013 bis zu 4 mm<\/h3>\n<p>Maximale Breite von 3&#8217;000 mm<\/p>\n<p>[\/et_pb_text][\/et_pb_column][\/et_pb_row][et_pb_row column_structure=&#8220;1_2,1_2&#8243; use_custom_gutter=&#8220;on&#8220; gutter_width=&#8220;2&#8243; _builder_version=&#8220;4.27.4&#8243; _module_preset=&#8220;default&#8220; custom_margin=&#8220;0px||60px||false|false&#8220; custom_margin_tablet=&#8220;||50px||false|false&#8220; custom_margin_phone=&#8220;||40px||false|false&#8220; custom_margin_last_edited=&#8220;on|desktop&#8220; custom_padding=&#8220;0px||0px||false|false&#8220; global_colors_info=&#8220;{}&#8220;][et_pb_column type=&#8220;1_2&#8243; _builder_version=&#8220;4.27.4&#8243; _module_preset=&#8220;default&#8220; global_colors_info=&#8220;{}&#8220;][et_pb_image src=&#8220;https:\/\/portes-brodard.ch\/wp-content\/uploads\/2025\/04\/TolerieImage1.png&#8220; title_text=&#8220;TolerieImage1&#8243; _builder_version=&#8220;4.27.4&#8243; _module_preset=&#8220;default&#8220; custom_margin=&#8220;0px||0px||false|false&#8220; custom_padding=&#8220;0px||0px||false|false&#8220; animation_style=&#8220;fade&#8220; animation_duration=&#8220;400ms&#8220; animation_delay=&#8220;400ms&#8220; global_colors_info=&#8220;{}&#8220;][\/et_pb_image][\/et_pb_column][et_pb_column type=&#8220;1_2&#8243; _builder_version=&#8220;4.27.4&#8243; _module_preset=&#8220;default&#8220; global_colors_info=&#8220;{}&#8220;][et_pb_image src=&#8220;https:\/\/portes-brodard.ch\/wp-content\/uploads\/2025\/04\/TolerieImage2.png&#8220; title_text=&#8220;TolerieImage2&#8243; _builder_version=&#8220;4.27.4&#8243; _module_preset=&#8220;default&#8220; custom_margin=&#8220;0px||0px||false|false&#8220; custom_padding=&#8220;0px||0px||false|false&#8220; animation_style=&#8220;fade&#8220; animation_duration=&#8220;400ms&#8220; animation_delay=&#8220;400ms&#8220; global_colors_info=&#8220;{}&#8220;][\/et_pb_image][\/et_pb_column][\/et_pb_row][et_pb_row _builder_version=&#8220;4.27.4&#8243; _module_preset=&#8220;default&#8220; custom_margin=&#8220;0px||0px||false|false&#8220; custom_padding=&#8220;0px||0px||false|false&#8220; global_colors_info=&#8220;{}&#8220;][et_pb_column type=&#8220;4_4&#8243; _builder_version=&#8220;4.27.4&#8243; _module_preset=&#8220;default&#8220; global_colors_info=&#8220;{}&#8220;][et_pb_button button_url=&#8220;https:\/\/portes-brodard.ch\/wp-content\/uploads\/2025\/04\/2021_Formulaire_PB_Tablettes.pdf&#8220; url_new_window=&#8220;on&#8220; button_text=&#8220;Tablets bestellen (PDF)&#8220; button_alignment=&#8220;center&#8220; _builder_version=&#8220;4.27.4&#8243; _module_preset=&#8220;default&#8220; custom_margin=&#8220;0px||0px||false|false&#8220; animation_style=&#8220;fade&#8220; animation_duration=&#8220;400ms&#8220; animation_delay=&#8220;400ms&#8220; hover_enabled=&#8220;0&#8243; global_colors_info=&#8220;{}&#8220; sticky_enabled=&#8220;0&#8243;][\/et_pb_button][\/et_pb_column][\/et_pb_row][\/et_pb_section]<\/p>\n","protected":false},"excerpt":{"rendered":"<p>Blechwerkstatt Unsere Blechabteilung ist in der Lage, Ihre Schneid-, Biege- und Stanzarbeiten durchzuf\u00fchren.Alu-Blech \u2013 bis zu 6 mm Maximale Breite von 3&#8217;000 mmStahlblech \u2013 bis zu 6 mm Maximale Breite von 3&#8217;000 mmEdelstahlblech \u2013 bis zu 4 mm Maximale Breite von 3&#8217;000 mm<\/p>\n","protected":false},"author":1,"featured_media":0,"parent":1345,"menu_order":0,"comment_status":"closed","ping_status":"closed","template":"","meta":{"_et_pb_use_builder":"on","_et_pb_old_content":"[et_pb_section fb_built=\"1\" module_class=\"section_banner\" _builder_version=\"4.27.4\" _module_preset=\"default\" background_image=\"https:\/\/portes-brodard.ch\/wp-content\/uploads\/2025\/04\/Fronton-affleure-Neuchatel-2.jpg\" custom_margin=\"0px||0px||false|false\" custom_padding=\"0px||0px||false|false\" animation_style=\"fade\" animation_duration=\"400ms\" animation_delay=\"400ms\" global_colors_info=\"{}\"][et_pb_row custom_padding_last_edited=\"on|desktop\" _builder_version=\"4.27.4\" _module_preset=\"default\" width=\"100%\" max_width=\"100%\" custom_margin=\"0px||0px||false|false\" custom_padding=\"150px||150px||true|false\" custom_padding_tablet=\"125px||125px||true|false\" custom_padding_phone=\"100px||100px||true|false\" global_colors_info=\"{}\"][et_pb_column type=\"4_4\" _builder_version=\"4.27.4\" _module_preset=\"default\" global_colors_info=\"{}\"][\/et_pb_column][\/et_pb_row][\/et_pb_section][et_pb_section fb_built=\"1\" custom_padding_last_edited=\"on|desktop\" module_id=\"team\" _builder_version=\"4.27.4\" _module_preset=\"default\" background_enable_color=\"off\" custom_margin=\"0px||0px||false|false\" custom_padding=\"75px|30px|100px|30px|false|true\" custom_padding_tablet=\"55px|15px|80px|15px|false|true\" custom_padding_phone=\"|15px||15px|false|true\" hover_enabled=\"0\" collapsed=\"off\" global_colors_info=\"{}\" sticky_enabled=\"0\"][et_pb_row _builder_version=\"4.27.4\" _module_preset=\"default\" custom_margin=\"0px||45px||false|false\" custom_margin_tablet=\"||40px||false|false\" custom_margin_phone=\"||35px||false|false\" custom_margin_last_edited=\"on|desktop\" custom_padding=\"0px||0px||false|false\" global_colors_info=\"{}\"][et_pb_column type=\"4_4\" _builder_version=\"4.27.4\" _module_preset=\"default\" global_colors_info=\"{}\"][et_pb_text _builder_version=\"4.27.4\" _module_preset=\"default\" header_font_size=\"41px\" header_2_font_size=\"41px\" text_orientation=\"center\" width=\"580px\" width_tablet=\"580px\" width_phone=\"580px\" width_last_edited=\"on|desktop\" max_width=\"100%\" module_alignment=\"center\" custom_margin=\"0px||0px||false|false\" custom_padding=\"0px||0px||false|false\" animation_style=\"fade\" animation_duration=\"400ms\" animation_delay=\"400ms\" text_font_size_tablet=\"16px\" text_font_size_phone=\"16px\" text_font_size_last_edited=\"on|desktop\" header_font_size_tablet=\"36px\" header_font_size_phone=\"31px\" header_font_size_last_edited=\"on|desktop\" global_colors_info=\"{}\"]\n<h1><span style=\"color: #00ffff;\">Atelier de<\/span> T\u00f4lerie<\/h1>\nNotre d\u00e9partement t\u00f4lerie est \u00e0 m\u00eame de r\u00e9aliser vos travaux de coupe, de pliage et poin\u00e7onnage.\n\n[\/et_pb_text][\/et_pb_column][\/et_pb_row][et_pb_row module_class=\"row_tolerie\" _builder_version=\"4.27.4\" _module_preset=\"default\" custom_margin=\"0px||60px||false|false\" custom_margin_tablet=\"||50px||false|false\" custom_margin_phone=\"||40px||false|false\" custom_margin_last_edited=\"on|desktop\" custom_padding=\"0px||0px||false|false\" global_colors_info=\"{}\"][et_pb_column type=\"4_4\" _builder_version=\"4.27.4\" _module_preset=\"default\" global_colors_info=\"{}\"][et_pb_text _builder_version=\"4.27.4\" _module_preset=\"default\" header_3_font_size=\"21px\" background_color=\"#F2F5F7\" text_orientation=\"center\" custom_margin=\"0px||0px||false|false\" custom_padding=\"18px|15px|15px|15px|false|true\" animation_style=\"fade\" animation_duration=\"400ms\" animation_delay=\"400ms\" text_font_size_tablet=\"16px\" text_font_size_phone=\"16px\" text_font_size_last_edited=\"on|desktop\" header_3_font_size_tablet=\"19px\" header_3_font_size_phone=\"\" header_3_font_size_last_edited=\"on|phone\" border_width_bottom=\"1px\" border_color_bottom=\"rgba(37,37,37,0.1)\" global_colors_info=\"{}\"]\n<h3>T\u00f4le Alu \u2013 jusqu\u2019\u00e0 6 mm<\/h3>\nLargeur maximum de 3'000 mm\n\n[\/et_pb_text][et_pb_text _builder_version=\"4.27.4\" _module_preset=\"default\" header_3_font_size=\"21px\" background_color=\"#F2F5F7\" text_orientation=\"center\" custom_margin=\"0px||0px||false|false\" custom_padding=\"18px|15px|15px|15px|false|true\" animation_style=\"fade\" animation_duration=\"400ms\" animation_delay=\"400ms\" text_font_size_tablet=\"16px\" text_font_size_phone=\"16px\" text_font_size_last_edited=\"on|desktop\" header_3_font_size_tablet=\"19px\" header_3_font_size_phone=\"\" header_3_font_size_last_edited=\"on|phone\" border_width_bottom=\"1px\" border_color_bottom=\"rgba(37,37,37,0.1)\" global_colors_info=\"{}\"]\n<h3>T\u00f4le Acier \u2013 jusqu\u2019\u00e0 6 mm<\/h3>\nLargeur maximum de 3'000 mm\n\n[\/et_pb_text][et_pb_text _builder_version=\"4.27.4\" _module_preset=\"default\" header_3_font_size=\"21px\" background_color=\"#F2F5F7\" text_orientation=\"center\" custom_margin=\"0px||0px||false|false\" custom_padding=\"18px|15px|15px|15px|false|true\" animation_style=\"fade\" animation_duration=\"400ms\" animation_delay=\"400ms\" text_font_size_tablet=\"16px\" text_font_size_phone=\"16px\" text_font_size_last_edited=\"on|desktop\" header_3_font_size_tablet=\"19px\" header_3_font_size_phone=\"\" header_3_font_size_last_edited=\"on|phone\" border_width_bottom=\"1px\" border_color_bottom=\"rgba(37,37,37,0.1)\" global_colors_info=\"{}\"]\n<h3>T\u00f4le Inox \u2013 jusqu\u2019\u00e0 4 mm<\/h3>\nLargeur maximum de 3'000 mm\n\n[\/et_pb_text][\/et_pb_column][\/et_pb_row][et_pb_row column_structure=\"1_2,1_2\" use_custom_gutter=\"on\" gutter_width=\"2\" _builder_version=\"4.27.4\" _module_preset=\"default\" custom_margin=\"0px||60px||false|false\" custom_margin_tablet=\"||50px||false|false\" custom_margin_phone=\"||40px||false|false\" custom_margin_last_edited=\"on|desktop\" custom_padding=\"0px||0px||false|false\" global_colors_info=\"{}\"][et_pb_column type=\"1_2\" _builder_version=\"4.27.4\" _module_preset=\"default\" global_colors_info=\"{}\"][et_pb_image src=\"https:\/\/portes-brodard.ch\/wp-content\/uploads\/2025\/04\/TolerieImage1.png\" title_text=\"TolerieImage1\" _builder_version=\"4.27.4\" _module_preset=\"default\" custom_margin=\"0px||0px||false|false\" custom_padding=\"0px||0px||false|false\" animation_style=\"fade\" animation_duration=\"400ms\" animation_delay=\"400ms\" global_colors_info=\"{}\"][\/et_pb_image][\/et_pb_column][et_pb_column type=\"1_2\" _builder_version=\"4.27.4\" _module_preset=\"default\" global_colors_info=\"{}\"][et_pb_image src=\"https:\/\/portes-brodard.ch\/wp-content\/uploads\/2025\/04\/TolerieImage2.png\" title_text=\"TolerieImage2\" _builder_version=\"4.27.4\" _module_preset=\"default\" custom_margin=\"0px||0px||false|false\" custom_padding=\"0px||0px||false|false\" animation_style=\"fade\" animation_duration=\"400ms\" animation_delay=\"400ms\" global_colors_info=\"{}\"][\/et_pb_image][\/et_pb_column][\/et_pb_row][et_pb_row _builder_version=\"4.27.4\" _module_preset=\"default\" custom_margin=\"0px||0px||false|false\" custom_padding=\"0px||0px||false|false\" global_colors_info=\"{}\"][et_pb_column type=\"4_4\" _builder_version=\"4.27.4\" _module_preset=\"default\" global_colors_info=\"{}\"][et_pb_button button_url=\"https:\/\/portes-brodard.ch\/wp-content\/uploads\/2025\/04\/2021_Formulaire_PB_Tablettes.pdf\" url_new_window=\"on\" button_text=\"Commandez des tablettes (PDF)\" button_alignment=\"center\" _builder_version=\"4.27.4\" _module_preset=\"default\" custom_margin=\"0px||0px||false|false\" animation_style=\"fade\" animation_duration=\"400ms\" animation_delay=\"400ms\" global_colors_info=\"{}\"][\/et_pb_button][\/et_pb_column][\/et_pb_row][\/et_pb_section]","_et_gb_content_width":"","footnotes":""},"class_list":["post-2249","page","type-page","status-publish","hentry"],"_links":{"self":[{"href":"https:\/\/portes-brodard.ch\/de\/wp-json\/wp\/v2\/pages\/2249","targetHints":{"allow":["GET"]}}],"collection":[{"href":"https:\/\/portes-brodard.ch\/de\/wp-json\/wp\/v2\/pages"}],"about":[{"href":"https:\/\/portes-brodard.ch\/de\/wp-json\/wp\/v2\/types\/page"}],"author":[{"embeddable":true,"href":"https:\/\/portes-brodard.ch\/de\/wp-json\/wp\/v2\/users\/1"}],"replies":[{"embeddable":true,"href":"https:\/\/portes-brodard.ch\/de\/wp-json\/wp\/v2\/comments?post=2249"}],"version-history":[{"count":13,"href":"https:\/\/portes-brodard.ch\/de\/wp-json\/wp\/v2\/pages\/2249\/revisions"}],"predecessor-version":[{"id":4313,"href":"https:\/\/portes-brodard.ch\/de\/wp-json\/wp\/v2\/pages\/2249\/revisions\/4313"}],"up":[{"embeddable":true,"href":"https:\/\/portes-brodard.ch\/de\/wp-json\/wp\/v2\/pages\/1345"}],"wp:attachment":[{"href":"https:\/\/portes-brodard.ch\/de\/wp-json\/wp\/v2\/media?parent=2249"}],"curies":[{"name":"wp","href":"https:\/\/api.w.org\/{rel}","templated":true}]}}