{"id":1908,"date":"2025-04-16T13:31:01","date_gmt":"2025-04-16T11:31:01","guid":{"rendered":"https:\/\/portes-brodard.ch\/?page_id=1908"},"modified":"2026-05-05T08:33:47","modified_gmt":"2026-05-05T06:33:47","slug":"pb-gsm-key","status":"publish","type":"page","link":"https:\/\/portes-brodard.ch\/de\/dienstleistungen\/pb-gate-control-pro-4g\/","title":{"rendered":"PB Gate Control PRO 4G"},"content":{"rendered":"<p>[et_pb_section fb_built=&#8220;1&#8243; module_class=&#8220;section_banner&#8220; _builder_version=&#8220;4.27.4&#8243; _module_preset=&#8220;default&#8220; background_image=&#8220;https:\/\/portes-brodard.ch\/wp-content\/uploads\/2025\/04\/ControleDacces.png&#8220; custom_margin=&#8220;0px||0px||false|false&#8220; custom_padding=&#8220;0px||0px||false|false&#8220; animation_style=&#8220;fade&#8220; animation_duration=&#8220;400ms&#8220; animation_delay=&#8220;400ms&#8220; global_colors_info=&#8220;{}&#8220;][et_pb_row custom_padding_last_edited=&#8220;on|desktop&#8220; _builder_version=&#8220;4.27.4&#8243; _module_preset=&#8220;default&#8220; width=&#8220;100%&#8220; max_width=&#8220;100%&#8220; custom_margin=&#8220;0px||0px||false|false&#8220; custom_padding=&#8220;150px||150px||true|false&#8220; custom_padding_tablet=&#8220;125px||125px||true|false&#8220; custom_padding_phone=&#8220;100px||100px||true|false&#8220; global_colors_info=&#8220;{}&#8220;][et_pb_column type=&#8220;4_4&#8243; _builder_version=&#8220;4.27.4&#8243; _module_preset=&#8220;default&#8220; global_colors_info=&#8220;{}&#8220;][\/et_pb_column][\/et_pb_row][\/et_pb_section][et_pb_section fb_built=&#8220;1&#8243; custom_padding_last_edited=&#8220;on|desktop&#8220; _builder_version=&#8220;4.27.4&#8243; _module_preset=&#8220;default&#8220; custom_margin=&#8220;0px||0px||false|false&#8220; custom_padding=&#8220;75px|30px|95px|30px|false|true&#8220; custom_padding_tablet=&#8220;55px|15px|75px|15px|false|true&#8220; custom_padding_phone=&#8220;|15px||15px|false|true&#8220; global_colors_info=&#8220;{}&#8220;][et_pb_row _builder_version=&#8220;4.27.4&#8243; _module_preset=&#8220;default&#8220; width_last_edited=&#8220;off|desktop&#8220; custom_margin=&#8220;0px||35px||false|false&#8220; custom_margin_tablet=&#8220;||30px||false|false&#8220; custom_margin_phone=&#8220;||25px||false|false&#8220; custom_margin_last_edited=&#8220;on|desktop&#8220; custom_padding=&#8220;0px||0px||false|false&#8220; global_colors_info=&#8220;{}&#8220;][et_pb_column type=&#8220;4_4&#8243; _builder_version=&#8220;4.27.4&#8243; _module_preset=&#8220;default&#8220; global_colors_info=&#8220;{}&#8220;][et_pb_text _builder_version=&#8220;4.27.4&#8243; _module_preset=&#8220;default&#8220; header_font_size=&#8220;41px&#8220; header_2_font_size=&#8220;41px&#8220; module_alignment=&#8220;left&#8220; custom_margin=&#8220;0px||0px||false|false&#8220; custom_padding=&#8220;0px||0px||false|false&#8220; animation_style=&#8220;fade&#8220; animation_duration=&#8220;400ms&#8220; animation_delay=&#8220;400ms&#8220; text_font_size_tablet=&#8220;16px&#8220; text_font_size_phone=&#8220;16px&#8220; text_font_size_last_edited=&#8220;on|desktop&#8220; header_font_size_tablet=&#8220;36px&#8220; header_font_size_phone=&#8220;31px&#8220; header_font_size_last_edited=&#8220;on|desktop&#8220; global_colors_info=&#8220;{}&#8220;]<\/p>\n<h1><strong>PB Gate Control PRO 4G<\/strong><\/h1>\n<p>[\/et_pb_text][\/et_pb_column][\/et_pb_row][et_pb_row _builder_version=&#8220;4.27.5&#8243; _module_preset=&#8220;default&#8220; width_last_edited=&#8220;off|desktop&#8220; custom_margin=&#8220;0px||0px||false|false&#8220; custom_padding=&#8220;0px||0px||false|false&#8220; hover_enabled=&#8220;0&#8243; global_colors_info=&#8220;{}&#8220; sticky_enabled=&#8220;0&#8243;][et_pb_column type=&#8220;4_4&#8243; _builder_version=&#8220;4.27.4&#8243; _module_preset=&#8220;default&#8220; global_colors_info=&#8220;{}&#8220;][et_pb_text _builder_version=&#8220;4.27.4&#8243; _module_preset=&#8220;default&#8220; header_2_font_size=&#8220;25px&#8220; header_3_font_size=&#8220;21px&#8220; module_alignment=&#8220;left&#8220; custom_margin=&#8220;0px||0px||false|false&#8220; custom_margin_tablet=&#8220;||5px||false|false&#8220; custom_margin_phone=&#8220;||5px||false|false&#8220; custom_margin_last_edited=&#8220;on|tablet&#8220; custom_padding=&#8220;0px||0px||false|false&#8220; animation_style=&#8220;fade&#8220; animation_duration=&#8220;400ms&#8220; animation_delay=&#8220;400ms&#8220; text_font_size_tablet=&#8220;16px&#8220; text_font_size_phone=&#8220;16px&#8220; text_font_size_last_edited=&#8220;on|desktop&#8220; header_font_size_last_edited=&#8220;off|desktop&#8220; header_2_font_size_tablet=&#8220;22px&#8220; header_2_font_size_phone=&#8220;21px&#8220; header_2_font_size_last_edited=&#8220;on|desktop&#8220; header_3_font_size_tablet=&#8220;19px&#8220; header_3_font_size_phone=&#8220;19px&#8220; header_3_font_size_last_edited=&#8220;on|desktop&#8220; global_colors_info=&#8220;{}&#8220; link_text_color__hover_enabled=&#8220;on|hover&#8220; link_text_color__hover=&#8220;#82A1B5&#8243;]<\/p>\n<p><strong>Verwalten Sie einen oder mehrere \u00f6ffentliche oder private Parkpl\u00e4tze? Sie haben eine Einrichtung mit Parkpl\u00e4tzen? Sie sind einer hohen Mieterfluktuation ausgesetzt? <br \/><\/strong><strong>Wir haben die richtige L\u00f6sung f\u00fcr Sie!<\/strong><\/p>\n<p><strong>Nichts ist einfacher<\/strong><\/p>\n<ul>\n<li>Wir schliessen das Modul <strong>PB Gate Control PRO 4G<\/strong> an Ihre Motorisierung an.<br \/><span style=\"color: #ff0000;\"><em>Achtung die Installation muss den geltenden Sicherheitsnormen entsprechen!<\/em><\/span><br \/>(Einmalige Kosten f\u00fcr die Installation).<\/li>\n<li>Mit der Gate Control PC oder Smartphone-App verwalten Sie Ihre Zug\u00e4nge.<\/li>\n<li>Sie <strong>geben die Mobiltelefonnummer<\/strong> jedes Ihrer Mieter ein, indem Sie das Aktivierungsdatum festlegen.<\/li>\n<li>Sie teilen Ihrem Mieter die Rufnummer der T\u00fcr, des Tores oder der Schranke mit und schon ist alles erledigt!<\/li>\n<\/ul>\n<p>Ihr Mieter muss nur noch die <strong>Rufnummer<\/strong> w\u00e4hlen (z. B. bei der Freisprechfunktion) <strong>und schon \u00f6ffnet sich die T\u00fcr ohne jegliche Gespr\u00e4chskosten!!!<\/strong><\/p>\n<p><strong>Das Prinzip<\/strong><\/p>\n<ul>\n<li>Die Nummer des Mieters wird im Modul gespeichert und beim Anruf pr\u00fcft das Modul, ob die Nummer existiert.<\/li>\n<\/ul>\n<p>Wenn die Nummer existiert, wird der Anruf abgewiesen und die \u00d6ffnung ausgel\u00f6st.<\/p>\n<p>Wenn die Nummer nicht existiert, wird der Anruf einfach abgewiesen.<\/p>\n<p>[\/et_pb_text][\/et_pb_column][\/et_pb_row][\/et_pb_section]<\/p>\n","protected":false},"excerpt":{"rendered":"<p>PB Gate Control PRO 4GVerwalten Sie einen oder mehrere \u00f6ffentliche oder private Parkpl\u00e4tze? Sie haben eine Einrichtung mit Parkpl\u00e4tzen? Sie sind einer hohen Mieterfluktuation ausgesetzt? Wir haben die richtige L\u00f6sung f\u00fcr Sie! Nichts ist einfacher Wir schliessen das Modul PB Gate Control PRO 4G an Ihre Motorisierung an.Achtung die Installation muss den geltenden Sicherheitsnormen entsprechen!(Einmalige [&hellip;]<\/p>\n","protected":false},"author":1,"featured_media":0,"parent":1345,"menu_order":0,"comment_status":"closed","ping_status":"closed","template":"","meta":{"_et_pb_use_builder":"on","_et_pb_old_content":"[et_pb_section fb_built=\"1\" module_class=\"section_banner\" _builder_version=\"4.27.4\" _module_preset=\"default\" background_image=\"https:\/\/portes-brodard.ch\/wp-content\/uploads\/2025\/04\/ControleDacces.png\" custom_margin=\"0px||0px||false|false\" custom_padding=\"0px||0px||false|false\" animation_style=\"fade\" animation_duration=\"400ms\" animation_delay=\"400ms\" hover_enabled=\"0\" global_colors_info=\"{}\" theme_builder_area=\"post_content\" title_text=\"ControleDacces\" sticky_enabled=\"0\"][et_pb_row custom_padding_last_edited=\"on|desktop\" _builder_version=\"4.27.4\" _module_preset=\"default\" width=\"100%\" max_width=\"100%\" custom_margin=\"0px||0px||false|false\" custom_padding=\"150px||150px||true|false\" custom_padding_tablet=\"125px||125px||true|false\" custom_padding_phone=\"100px||100px||true|false\" global_colors_info=\"{}\" theme_builder_area=\"post_content\"][et_pb_column type=\"4_4\" _builder_version=\"4.27.4\" _module_preset=\"default\" global_colors_info=\"{}\" theme_builder_area=\"post_content\"][\/et_pb_column][\/et_pb_row][\/et_pb_section][et_pb_section fb_built=\"1\" custom_padding_last_edited=\"on|desktop\" _builder_version=\"4.27.4\" _module_preset=\"default\" custom_margin=\"0px||0px||false|false\" custom_padding=\"75px|30px|95px|30px|false|true\" custom_padding_tablet=\"55px|15px|75px|15px|false|true\" custom_padding_phone=\"|15px||15px|false|true\" hover_enabled=\"0\" global_colors_info=\"{}\" theme_builder_area=\"post_content\" sticky_enabled=\"0\"][et_pb_row _builder_version=\"4.27.4\" _module_preset=\"default\" width_last_edited=\"off|desktop\" custom_margin=\"0px||35px||false|false\" custom_margin_tablet=\"||30px||false|false\" custom_margin_phone=\"||25px||false|false\" custom_margin_last_edited=\"on|desktop\" custom_padding=\"0px||0px||false|false\" global_colors_info=\"{}\" theme_builder_area=\"post_content\"][et_pb_column type=\"4_4\" _builder_version=\"4.27.4\" _module_preset=\"default\" global_colors_info=\"{}\" theme_builder_area=\"post_content\"][et_pb_text _builder_version=\"4.27.4\" _module_preset=\"default\" header_font_size=\"41px\" header_2_font_size=\"41px\" module_alignment=\"left\" custom_margin=\"0px||0px||false|false\" custom_padding=\"0px||0px||false|false\" animation_style=\"fade\" animation_duration=\"400ms\" animation_delay=\"400ms\" hover_enabled=\"0\" text_font_size_tablet=\"16px\" text_font_size_phone=\"16px\" text_font_size_last_edited=\"on|desktop\" header_font_size_tablet=\"36px\" header_font_size_phone=\"31px\" header_font_size_last_edited=\"on|desktop\" global_colors_info=\"{}\" theme_builder_area=\"post_content\" sticky_enabled=\"0\"]\n<h1>PB GSM-KEY 3G\/4G<\/h1>\n[\/et_pb_text][\/et_pb_column][\/et_pb_row][et_pb_row column_structure=\"1_2,1_2\" _builder_version=\"4.27.4\" _module_preset=\"default\" width_last_edited=\"off|desktop\" custom_margin=\"0px||0px||false|false\" custom_padding=\"0px||0px||false|false\" hover_enabled=\"0\" global_colors_info=\"{}\" theme_builder_area=\"post_content\" sticky_enabled=\"0\"][et_pb_column type=\"1_2\" _builder_version=\"4.27.4\" _module_preset=\"default\" global_colors_info=\"{}\" theme_builder_area=\"post_content\"][et_pb_text _builder_version=\"4.27.4\" _module_preset=\"default\" header_2_font_size=\"25px\" header_3_font_size=\"21px\" module_alignment=\"left\" custom_margin=\"0px||0px||false|false\" custom_margin_tablet=\"||5px||false|false\" custom_margin_phone=\"||5px||false|false\" custom_margin_last_edited=\"on|tablet\" custom_padding=\"0px||0px||false|false\" animation_style=\"fade\" animation_duration=\"400ms\" animation_delay=\"400ms\" hover_enabled=\"0\" text_font_size_tablet=\"16px\" text_font_size_phone=\"16px\" text_font_size_last_edited=\"on|desktop\" header_font_size_last_edited=\"off|desktop\" header_2_font_size_tablet=\"22px\" header_2_font_size_phone=\"21px\" header_2_font_size_last_edited=\"on|desktop\" header_3_font_size_tablet=\"19px\" header_3_font_size_phone=\"19px\" header_3_font_size_last_edited=\"on|desktop\" global_colors_info=\"{}\" theme_builder_area=\"post_content\" link_text_color__hover_enabled=\"on|hover\" sticky_enabled=\"0\" link_text_color__hover=\"#82A1B5\"]\n\n<strong>Vous g\u00e9rez un ou des parkings collectifs ou priv\u00e9s ? Vous avez un \u00e9tablissement avec un parking ? Vous \u00eates soumis \u00e0 une grande rotation de locataires ? Nous avons la solution qu\u2019il vous faut !<\/strong>\n\n<strong>Rien de plus simple<\/strong>\n<ul>\n \t<li>Nous connectons le module PB GSM-KEY sur votre motorisation.\n<span style=\"color: #ff0000;\"><em>Attention l\u2019installation doit r\u00e9pondre aux normes de s\u00e9curit\u00e9 en vigueur !<\/em><\/span>\n(Frais uniques d\u2019installation)<\/li>\n \t<li>\u00c0 l\u2019aide de votre navigateur internet, <strong>vous acc\u00e9dez \u00e0 votre compte personnel sur notre plateforme de gestion <a href=\"https:\/\/pbgsmkey.portes-brodard.ch\/pbgsmkey\/\" target=\"_blank\" rel=\"noopener\">PB GSM-KEY<\/a><\/strong>.\n(Frais selon type d\u2019abonnement)<\/li>\n \t<li>Vous <strong>saisissez le num\u00e9ro de t\u00e9l\u00e9phone mobile<\/strong> de chacun de vos locataires en d\u00e9finissant la date d\u2019activation.<\/li>\n \t<li>Vous communiquez le num\u00e9ro d\u2019appel de la porte, du portail ou de la barri\u00e8re \u00e0 votre locataire et c\u2019est fait !<\/li>\n<\/ul>\nVotre locataire n\u2019a plus qu\u2019\u00e0 composer <strong>le num\u00e9ro d\u2019appel<\/strong> (par ex. en fonction main libre) <strong>l\u2019ouverture se fait sans aucun frais de communication !!!<\/strong>\n\n<strong>Le principe<\/strong>\n<ul>\n \t<li>Le num\u00e9ro du locataire est m\u00e9moris\u00e9 dans le module et lors de l\u2019appel, le module contr\u00f4le l\u2019existence du num\u00e9ro.<\/li>\n<\/ul>\nSi le num\u00e9ro existe, l\u2019appel est rejet\u00e9 et l\u2019ouverture est d\u00e9clench\u00e9e.\n\nSi le num\u00e9ro n\u2019existe pas, l\u2019appel est simplement rejet\u00e9.\n\n[\/et_pb_text][\/et_pb_column][et_pb_column type=\"1_2\" _builder_version=\"4.27.4\" _module_preset=\"default\" global_colors_info=\"{}\" theme_builder_area=\"post_content\"][et_pb_text _builder_version=\"4.27.4\" _module_preset=\"default\" header_2_font_size=\"25px\" header_3_font_size=\"21px\" module_alignment=\"left\" custom_margin=\"0px||0px||false|false\" custom_padding=\"0px||0px||false|false\" animation_style=\"fade\" animation_duration=\"400ms\" animation_delay=\"400ms\" hover_enabled=\"0\" text_font_size_tablet=\"16px\" text_font_size_phone=\"16px\" text_font_size_last_edited=\"on|desktop\" header_font_size_last_edited=\"off|desktop\" header_2_font_size_tablet=\"22px\" header_2_font_size_phone=\"21px\" header_2_font_size_last_edited=\"on|phone\" header_3_font_size_tablet=\"19px\" header_3_font_size_phone=\"19px\" header_3_font_size_last_edited=\"on|desktop\" global_colors_info=\"{}\" theme_builder_area=\"post_content\" sticky_enabled=\"0\"]\n<h3>Modules<\/h3>\nPB GSM-KEY 3G\/4G et PB GSM-CALL&amp;KEY 3G\n\nDans le courant de l\u2019ann\u00e9e 2020 Swisscom supprimera la plage de fr\u00e9quence 2G !\nNos modules, ainsi que beaucoup d\u2019autre syst\u00e8me comme par exemple les syst\u00e8mes d\u2019alarmes utilisent cette plage de fr\u00e9quence et ne seront donc plus op\u00e9rationnels !\n\nNos nouveaux modules utilisant la plage de fr\u00e9quence 3G seront disponible d\u00e8s l\u2019automne 2020 !\nN\u2019h\u00e9sitez pas \u00e0 nous contacter pour tout renseignement.\n<h3>Nos abonnements de gestion (nouveau d\u00e8s automne 2020)<\/h3>\n<strong>\u00ab Abo GSM-KEY standard20 \u00bb<\/strong>\n<ul>\n \t<li>200 utilisateurs avec acc\u00e8s permanent<\/li>\n \t<li>50 utilisateurs avec acc\u00e8s sur plages horaires ou journali\u00e8res.<\/li>\n \t<li>50 utilisateurs avec acc\u00e8s avec sur plage de dates.<\/li>\n<\/ul>\nCarte SIM \u00e0 votre charge\nCompris <strong>20 mouvements par ann\u00e9e<\/strong> (mouvements suppl\u00e9mentaires factur\u00e9s)\nUn mouvement est le fait d\u2019ajouter, de modifier ou de supprimer un num\u00e9ro sur la plateforme pbGSMkey\n\n<strong>\u00ab Abo GSM-KEY flex20 \u00bb<\/strong>\n<ul>\n \t<li>2000 utilisateurs avec acc\u00e8s permanent<\/li>\n \t<li>250 utilisateurs avec acc\u00e8s sur plages horaires ou journali\u00e8res.<\/li>\n \t<li>250 utilisateurs avec acc\u00e8s avec sur plage de dates.<\/li>\n<\/ul>\nCarte SIM \u00e0 votre charge\nMouvements illimit\u00e9es !\n\n<strong>\u00ab Abo GSM-KEY illimit\u00e920 \u00bb<\/strong>\n<ul>\n \t<li>2000 utilisateurs avec acc\u00e8s permanent<\/li>\n \t<li>250 utilisateurs avec acc\u00e8s sur plages horaires ou journali\u00e8res.<\/li>\n \t<li>250 utilisateurs avec acc\u00e8s avec sur plage de dates.<\/li>\n<\/ul>\nMise \u00e0 disposition d\u2019une carte SIM par Portes Brodard SA\nMouvements illimit\u00e9es !\n\n**********************\n\nLe module GSM-Call&amp;KEY peut-\u00eatre li\u00e9 au abonnement \u00ab Abo GSM-KEY standard20 \u00bb et \u00ab Abo GSM-KEY flex20 \u00bb\n\n[\/et_pb_text][\/et_pb_column][\/et_pb_row][\/et_pb_section]","_et_gb_content_width":"","footnotes":""},"class_list":["post-1908","page","type-page","status-publish","hentry"],"_links":{"self":[{"href":"https:\/\/portes-brodard.ch\/de\/wp-json\/wp\/v2\/pages\/1908","targetHints":{"allow":["GET"]}}],"collection":[{"href":"https:\/\/portes-brodard.ch\/de\/wp-json\/wp\/v2\/pages"}],"about":[{"href":"https:\/\/portes-brodard.ch\/de\/wp-json\/wp\/v2\/types\/page"}],"author":[{"embeddable":true,"href":"https:\/\/portes-brodard.ch\/de\/wp-json\/wp\/v2\/users\/1"}],"replies":[{"embeddable":true,"href":"https:\/\/portes-brodard.ch\/de\/wp-json\/wp\/v2\/comments?post=1908"}],"version-history":[{"count":24,"href":"https:\/\/portes-brodard.ch\/de\/wp-json\/wp\/v2\/pages\/1908\/revisions"}],"predecessor-version":[{"id":4955,"href":"https:\/\/portes-brodard.ch\/de\/wp-json\/wp\/v2\/pages\/1908\/revisions\/4955"}],"up":[{"embeddable":true,"href":"https:\/\/portes-brodard.ch\/de\/wp-json\/wp\/v2\/pages\/1345"}],"wp:attachment":[{"href":"https:\/\/portes-brodard.ch\/de\/wp-json\/wp\/v2\/media?parent=1908"}],"curies":[{"name":"wp","href":"https:\/\/api.w.org\/{rel}","templated":true}]}}