{"id":1386,"date":"2025-04-10T17:08:38","date_gmt":"2025-04-10T17:08:38","guid":{"rendered":"https:\/\/portes-brodard.ch\/?page_id=1386"},"modified":"2025-04-24T07:49:23","modified_gmt":"2025-04-24T07:49:23","slug":"conditions-generales","status":"publish","type":"page","link":"https:\/\/portes-brodard.ch\/de\/allgemeine-bedingungen\/","title":{"rendered":"Allgemeine Bedingungen"},"content":{"rendered":"<p>[et_pb_section fb_built=&#8220;1&#8243; custom_padding_last_edited=&#8220;on|desktop&#8220; _builder_version=&#8220;4.27.4&#8243; _module_preset=&#8220;default&#8220; custom_margin=&#8220;0px||0px||false|false&#8220; custom_padding=&#8220;75px|30px|95px|30px|false|true&#8220; custom_padding_tablet=&#8220;55px|15px|75px|15px|false|true&#8220; custom_padding_phone=&#8220;|15px||15px|false|true&#8220; global_colors_info=&#8220;{}&#8220;][et_pb_row _builder_version=&#8220;4.27.4&#8243; _module_preset=&#8220;default&#8220; width=&#8220;800px&#8220; width_tablet=&#8220;800px&#8220; width_phone=&#8220;800px&#8220; width_last_edited=&#8220;on|desktop&#8220; max_width=&#8220;100%&#8220; custom_margin=&#8220;0px||0px||false|false&#8220; custom_padding=&#8220;0px||0px||false|false&#8220; global_colors_info=&#8220;{}&#8220;][et_pb_column type=&#8220;4_4&#8243; _builder_version=&#8220;4.27.4&#8243; _module_preset=&#8220;default&#8220; global_colors_info=&#8220;{}&#8220;][et_pb_text _builder_version=&#8220;4.27.4&#8243; _module_preset=&#8220;default&#8220; header_font_size=&#8220;41px&#8220; header_2_font_size=&#8220;41px&#8220; module_alignment=&#8220;left&#8220; custom_margin=&#8220;0px||15px||false|false&#8220; custom_padding=&#8220;0px||0px||false|false&#8220; animation_style=&#8220;fade&#8220; animation_duration=&#8220;400ms&#8220; animation_delay=&#8220;400ms&#8220; text_font_size_tablet=&#8220;16px&#8220; text_font_size_phone=&#8220;16px&#8220; text_font_size_last_edited=&#8220;on|desktop&#8220; header_font_size_tablet=&#8220;36px&#8220; header_font_size_phone=&#8220;31px&#8220; header_font_size_last_edited=&#8220;on|desktop&#8220; global_colors_info=&#8220;{}&#8220;]<\/p>\n<h1>Allgemeine Bedingungen<\/h1>\n<p>[\/et_pb_text][et_pb_text _builder_version=&#8220;4.27.4&#8243; _module_preset=&#8220;default&#8220; header_2_font_size=&#8220;21px&#8220; header_3_font_size=&#8220;21px&#8220; module_alignment=&#8220;left&#8220; custom_margin=&#8220;0px||0px||false|false&#8220; custom_padding=&#8220;0px||0px||false|false&#8220; animation_style=&#8220;fade&#8220; animation_duration=&#8220;400ms&#8220; animation_delay=&#8220;400ms&#8220; text_font_size_tablet=&#8220;16px&#8220; text_font_size_phone=&#8220;16px&#8220; text_font_size_last_edited=&#8220;on|desktop&#8220; header_font_size_last_edited=&#8220;off|desktop&#8220; header_2_font_size_tablet=&#8220;19px&#8220; header_2_font_size_phone=&#8220;19px&#8220; header_2_font_size_last_edited=&#8220;on|desktop&#8220; header_3_font_size_tablet=&#8220;19px&#8220; header_3_font_size_phone=&#8220;19px&#8220; header_3_font_size_last_edited=&#8220;on|desktop&#8220; global_colors_info=&#8220;{}&#8220; link_text_color__hover_enabled=&#8220;on|hover&#8220; link_text_color__hover=&#8220;#82A1B5&#8243;]<\/p>\n<h2>Allgemeines<\/h2>\n<p>Diese Bedingungen sind integraler Bestandteil unserer Angebote, Auftragsbest\u00e4tigungen und Vertr\u00e4ge. Soweit unsere Verkaufs- und Lieferbedingungen keine abweichenden Regelungen enthalten, kommen die Normen des SIA &#8211; Schweizerischer Ingenieur- und Architektenverein (SIA 343 \u201eT\u00fcren\u201c) zur Anwendung.<\/p>\n<h2>Die Angaben<\/h2>\n<p>Die Angaben in den Katalogen und Prospekten sind unverbindlich. Nur unsere Angebote, Auftragsbest\u00e4tigungen und Vertr\u00e4ge sind verbindlich.<\/p>\n<h2>Die Angebote<\/h2>\n<p>Die Angebote sind 2 Monate lang g\u00fcltig, sofern nicht anders angegeben. Bestellungen sind f\u00fcr uns erst nach einer schriftlichen Auftragsbest\u00e4tigung unsererseits oder nach Unterzeichnung eines Vertrags durch unser Unternehmen verbindlich.<\/p>\n<h2>Die Preise<\/h2>\n<p>Die Preise sind bis zur Auftragsbest\u00e4tigung unverbindlich. Sie verstehen sich in der Regel inklusive Montage und ohne Mehrwertsteuer.<\/p>\n<h2>Die Lieferfristen<\/h2>\n<p>Die Lieferfristen gelten erst nach der technischen Definition des Auftrags, d. h. nach der Unterzeichnung der Baupl\u00e4ne durch den Kunden oder seinen Bevollm\u00e4chtigten. Die endg\u00fcltige \u00dcberpr\u00fcfung der Ma\u00dfe des Bauwerks und der Erhalt aller zus\u00e4tzlichen Angaben (z. B. Oberfl\u00e4chenbehandlung, Farbwahl usw.). Die Lieferfristen verl\u00e4ngern sich entsprechend den \u00c4nderungen, die an der Bestellung vorgenommen werden. Die Lieferfristen gelten vorbehaltlich unvorhergesehener Ereignisse (h\u00f6here Gewalt, Schwierigkeiten bei der Materialbeschaffung usw.) sowie vorbehaltlich der Erf\u00fcllung der Verpflichtungen des Kunden, insbesondere der Leistung von Anzahlungen. Die Nichteinhaltung der Fristen bzw. die Nichtlieferung aus diesen Gr\u00fcnden berechtigen den Kunden nicht, Schadenersatz zu verlangen oder vom Auftrag zur\u00fcckzutreten. Die Lieferung erfolgt frei Baustelle. Der Kunde muss die Zufahrt zur Baustelle f\u00fcr den LKW gew\u00e4hrleisten.<\/p>\n<h2>Abnahme und Inbetriebnahme der T\u00fcr<\/h2>\n<p>Die Abnahme und Inbetriebnahme der T\u00fcr erfolgt nach Abschluss der Montage. Der Kunde muss die T\u00fcr sofort in Empfang nehmen und das Protokoll unterzeichnen. Kann die \u00dcbergabe aus irgendeinem Grund nicht erfolgen, gilt die T\u00fcr nach einer Frist von 10 Tagen automatisch als abgenommen. Nach Ablauf dieser Frist ist jede Reklamation null und nichtig.<\/p>\n<h2>Die Zahlungen<\/h2>\n<p>Wenn die Bedingungen nicht im Angebot, in der Auftragsbest\u00e4tigung oder im Vertrag festgelegt sind, betr\u00e4gt die Zahlungsfrist 30 Tage ab dem Rechnungsdatum. In besonderen F\u00e4llen k\u00f6nnen wir eine Teil-, Voraus- oder Barzahlung verlangen oder eine Garantie einfordern. Mit der Aufgabe einer Bestellung erteilt der Kunde uns die Erlaubnis, Informationen \u00fcber seine finanzielle Situation einzuholen. Informationen \u00fcber die Zahlungsabwicklung k\u00f6nnen an ein Inkassounternehmen weitergegeben werden. Bei Betr\u00e4gen \u00fcber CHF 15&#8217;000.- k\u00f6nnen Anzahlungen verlangt werden, und zwar :<\/p>\n<ul>\n<li>30% bei Vertragsabschluss ;<\/li>\n<li>30% bei Lieferung auf die Baustelle bzw. bei Lieferbereitschaft ;<\/li>\n<li>40% bei Abschluss der Montage bzw. bei Inbetriebnahme.<\/li>\n<\/ul>\n<p>Die Zahlungsfrist f\u00fcr Abschlagszahlungen betr\u00e4gt 10 Tage. Die Rechnungspr\u00fcfung durch den Bauherrn hat keinen Einfluss auf die Zahlungsfristen.<\/p>\n<h2>Rechnungsstellung f\u00fcr Arbeiten in Eigenregie<\/h2>\n<p>Zus\u00e4tzliche Montagekosten, die durch eine schlechte Koordination des Auftraggebers entstehen, werden zus\u00e4tzlich zum vereinbarten Preis in Rechnung gestellt. Dies betrifft insbesondere Wartezeiten. Notwendige Reparaturen w\u00e4hrend der Garantiezeit, die auf Bedienungsfehler oder Materialsch\u00e4den zur\u00fcckzuf\u00fchren sind, werden in jedem Fall zu den f\u00fcr Regiearbeiten g\u00fcltigen Tarifen in Rechnung gestellt.<\/p>\n<h2>Versp\u00e4tete Zahlungen<\/h2>\n<p>Jeder Zahlungsverzug berechtigt uns, Zinsen und Geb\u00fchren zu berechnen. Rabatte und andere Verg\u00fcnstigungen werden im Falle einer Betreibung vollst\u00e4ndig aufgehoben. Dar\u00fcber hinaus werden bei Zahlungsverzug alle offenen Rechnungen f\u00e4llig und wir sind berechtigt, Lieferungen zu verweigern und Vertr\u00e4ge zu k\u00fcndigen. Wir behalten uns alle Rechte im Falle von Schadensersatzanspr\u00fcchen vor.<\/p>\n<h2>Der Eigentumsvorbehalt<\/h2>\n<p>Der Liefergegenstand bleibt bis zur vollst\u00e4ndigen Bezahlung des Preises unser Eigentum. Die Aus\u00fcbung des Rechts auf Eigentumsvorbehalt gilt nicht als R\u00fccktritt vom Vertrag.<\/p>\n<h2>Arbeiten zu Lasten des Kunden<\/h2>\n<p>Der Kunde muss den Ort, an dem die T\u00fcr montiert wird, auf eigene Kosten einrichten. Er muss insbesondere :<\/p>\n<ul>\n<li>Eine gut sichtbare Markierung in 1 m Entfernung anbringen.<\/li>\n<li>Alle Maurer-, Bohr- und Betonarbeiten durchf\u00fchren, die Schwellenkreuze sp\u00e4testens zwei Tage nach dem Einbau einbetonieren, die Induktionsschleifen einfr\u00e4sen und die Zargen bei Brandschutzt\u00fcren mit Beton f\u00fcllen.<\/li>\n<li>Sehen Sie eine Stromquelle mit 240 V oder 400 V 3P + Erde\/Neutral, mit geerdetem Anschlusskasten gem\u00e4\u00df den CNACFST-Vorschriften in maximal 25 m Entfernung vor.<\/li>\n<li>Entfernen Sie die Ger\u00fcste im Bereich der T\u00fcr\u00f6ffnung.<br \/>(Es ist ein freier Raum von 2,5 m vor und hinter der Ebene der Anschl\u00e4ge (T\u00fcrstandort) vorzusehen).<\/li>\n<\/ul>\n<h2>Elektrische Anschl\u00fcsse<\/h2>\n<p>Unsere Preise beinhalten weder die Einspeisung noch die Verteilung. Der Kunde sollte daher einen zugelassenen Elektriker mit der Verlegung beauftragen. Unsere Preise beinhalten nicht die Verkabelung zwischen Motor und Steuerung, die Verkabelung von Zubeh\u00f6r (z. B. Schl\u00fcsselschalter, Sicherheitselemente usw.), die Kanalisierung der elektrischen Leitungen, den Schutz des Antriebs und der Steuerung w\u00e4hrend der Bauphase sowie den Blitzschutzanschluss an den Potenzialausgleich. Diese Anschlussarbeiten, die dem vom Kunden beauftragten Elektriker obliegen, m\u00fcssen sofort, w\u00e4hrend oder vor der Montage der T\u00fcr erfolgen.<\/p>\n<h2>Garantiebedingungen von Portes Brodard SA<\/h2>\n<p>Die <strong>Garantiefrist f\u00fcr die T\u00fcr betr\u00e4gt 2 Jahre<\/strong> ab dem Datum der Abnahme des Bauwerks. Die Garantiefrist betr\u00e4gt <strong>1 Jahr f\u00fcr bewegliche Teile wie Antriebe<\/strong>, Steuerungen und dergleichen. Die Garantie auf Lieferungen ohne Montage erstreckt sich nur auf das Material. F\u00fcr Lieferungen und Leistungen von Unterlieferanten \u00fcbernehmen wir die Garantie nur im Rahmen der Garantieverpflichtungen der betreffenden Unterlieferanten. Der Anspruch auf Garantie gew\u00e4hrt nur das Recht auf Ersatz der mangelhaften Ware. Von jeglicher Gew\u00e4hrleistung ausgeschlossen sind Reparaturkosten und Sch\u00e4den, die durch Feuchtigkeit, Verschmutzung, Manipulation und unsachgem\u00e4sse Verwendung entstehen. Die Gew\u00e4hrleistung entf\u00e4llt, wenn der Kunde oder Dritte unsachgem\u00e4sse \u00c4nderungen oder Reparaturen vornehmen oder wenn der Kunde im Falle eines Mangels nicht unverz\u00fcglich alle erforderlichen Massnahmen zur Schadensminderung trifft oder uns die M\u00f6glichkeit gibt, den Schaden zu beheben. Sch\u00e4den, die durch Windb\u00f6en, Unwetter oder Hagel verursacht werden, sind von der Garantie ausgeschlossen.<\/p>\n<h2>Garantiebedingungen f\u00fcr H\u00f6rmann Wohnraumt\u00fcren<\/h2>\n<p>Diese Bedingungen sind in dem mit der Rechnung ausgeh\u00e4ndigten Garantieheft und\/oder in der Detailtabelle auf der <a href=\"\/de\/dienste\/hormann-garantie\/\">H\u00f6rmann Garantie<\/a>-Seite festgelegt.<\/p>\n<h2>Gerichtsstand<\/h2>\n<p>Der Gerichtsstand f\u00fcr alle Streitigkeiten, die bei der Erf\u00fcllung des zwischen Portes Brodard SA und dem Kunden geschlossenen Vertrags entstehen, ist Freiburg, Schweiz, (Saanebezirk). Es gilt ausschlie\u00dflich das Schweizer Recht.<\/p>\n<p>[\/et_pb_text][\/et_pb_column][\/et_pb_row][\/et_pb_section]<\/p>\n","protected":false},"excerpt":{"rendered":"<p>Allgemeine BedingungenAllgemeines Diese Bedingungen sind integraler Bestandteil unserer Angebote, Auftragsbest\u00e4tigungen und Vertr\u00e4ge. Soweit unsere Verkaufs- und Lieferbedingungen keine abweichenden Regelungen enthalten, kommen die Normen des SIA &#8211; Schweizerischer Ingenieur- und Architektenverein (SIA 343 \u201eT\u00fcren\u201c) zur Anwendung. Die Angaben Die Angaben in den Katalogen und Prospekten sind unverbindlich. Nur unsere Angebote, Auftragsbest\u00e4tigungen und Vertr\u00e4ge sind verbindlich. [&hellip;]<\/p>\n","protected":false},"author":1,"featured_media":0,"parent":0,"menu_order":0,"comment_status":"closed","ping_status":"closed","template":"","meta":{"_et_pb_use_builder":"on","_et_pb_old_content":"[et_pb_section fb_built=\"1\" custom_padding_last_edited=\"on|desktop\" _builder_version=\"4.27.4\" _module_preset=\"default\" custom_margin=\"0px||0px||false|false\" custom_padding=\"75px|30px|95px|30px|false|true\" custom_padding_tablet=\"55px|15px|75px|15px|false|true\" custom_padding_phone=\"|15px||15px|false|true\" hover_enabled=\"0\" global_colors_info=\"{}\" theme_builder_area=\"post_content\" sticky_enabled=\"0\"][et_pb_row _builder_version=\"4.27.4\" _module_preset=\"default\" custom_margin=\"0px||0px||false|false\" custom_padding=\"0px||0px||false|false\" hover_enabled=\"0\" global_colors_info=\"{}\" theme_builder_area=\"post_content\" width=\"800px\" max_width=\"100%\" width_last_edited=\"on|desktop\" sticky_enabled=\"0\" width_tablet=\"800px\" width_phone=\"800px\"][et_pb_column type=\"4_4\" _builder_version=\"4.27.4\" _module_preset=\"default\" global_colors_info=\"{}\" theme_builder_area=\"post_content\"][et_pb_text _builder_version=\"4.27.4\" _module_preset=\"default\" header_font_size=\"41px\" header_2_font_size=\"41px\" module_alignment=\"left\" custom_margin=\"0px||5px||false|false\" custom_padding=\"0px||0px||false|false\" animation_style=\"fade\" animation_duration=\"400ms\" animation_delay=\"400ms\" hover_enabled=\"0\" text_font_size_tablet=\"16px\" text_font_size_phone=\"16px\" text_font_size_last_edited=\"on|desktop\" header_font_size_tablet=\"36px\" header_font_size_phone=\"31px\" header_font_size_last_edited=\"on|desktop\" global_colors_info=\"{}\" theme_builder_area=\"post_content\" sticky_enabled=\"0\"]\n<h1>Conditions g\u00e9n\u00e9rales<\/h1>\n[\/et_pb_text][et_pb_text _builder_version=\"4.27.4\" _module_preset=\"default\" header_2_font_size=\"21px\" module_alignment=\"left\" custom_margin=\"0px||0px||false|false\" custom_padding=\"0px||0px||false|false\" animation_style=\"fade\" animation_duration=\"400ms\" animation_delay=\"400ms\" hover_enabled=\"0\" text_font_size_tablet=\"16px\" text_font_size_phone=\"16px\" text_font_size_last_edited=\"on|desktop\" header_font_size_last_edited=\"off|desktop\" global_colors_info=\"{}\" theme_builder_area=\"post_content\" header_2_font_size_last_edited=\"on|desktop\" sticky_enabled=\"0\" header_2_font_size_tablet=\"19px\" header_3_font_size=\"21px\" header_3_font_size_last_edited=\"on|desktop\" header_3_font_size_tablet=\"19px\" header_2_font_size_phone=\"19px\" header_3_font_size_phone=\"19px\"]\n<h2>G\u00e9n\u00e9ralit\u00e9s<\/h2>\nLes pr\u00e9sentes conditions font partie int\u00e9grante de nos offres, de nos confirmations de commande et de nos contrats. Si nos conditions de vente et de livraison ne contiennent pas de r\u00e9glementations diff\u00e9rentes, les normes de la SIA \u2013 Soci\u00e9t\u00e9 suisse des ing\u00e9nieurs et architectes (SIA 343 \u00ab Portes \u00bb) seront appliqu\u00e9es.\n<h2>Les indications<\/h2>\nLes indications figurant dans les catalogues et les prospectus sont sans engagement. Seules font foi, nos offres, nos confirmations de commande et nos contrats.\n<h2>Les offres<\/h2>\nLes offres sont valables 2 mois, sauf indication contraire. Les commandes nous engagent uniquement apr\u00e8s confirmation de commande \u00e9crite de notre part ou apr\u00e8s signature d\u2019un contrat par notre entreprise.\n<h2>Les prix<\/h2>\nLes prix sont sans engagement jusqu\u2019\u00e0 la confirmation de commande. En g\u00e9n\u00e9ral, ils s\u2019entendent avec montage et hors TVA.\n<h2>Les d\u00e9lais d\u00e9 livraison<\/h2>\nLes d\u00e9lais de livraison sont valables seulement apr\u00e8s la d\u00e9finition technique de l\u2019ordre, c\u2019est-a-dire apr\u00e8s la signature des plans de construction par le client ou de son mandataire. La v\u00e9rification d\u00e9finitive des mesures de l\u2019ouvrage et la r\u00e9ception de toutes les indications suppl\u00e9mentaires (par exemple traitement des surfaces, choix des couleurs, etc.). Les d\u00e9lais de livraison seront prolong\u00e9s en fonction des modifications apport\u00e9es \u00e0 la commande. Les d\u00e9lais de livraison sont valables sous r\u00e9serve d\u2019\u00e9v\u00e9nements inattendus (force majeure, difficult\u00e9s pour l\u2019acquisition du mat\u00e9riel, etc.) ainsi que sous r\u00e9serve de l\u2019accomplissement des obligations du client notamment du versement des acomptes. La non observation des d\u00e9lais et, respectivement, l\u2019absence de livraison pour ces raisons n\u2019autorisent pas le client a exiger des dommages et int\u00e9r\u00eats ou a r\u00e9silier la commande. La livraison a lieu franco chantier. Le client doit garantir l\u2019acc\u00e8s du chantier au camion.\n<h2>R\u00e9ception et mise en service de la porte<\/h2>\nLa r\u00e9ception et la mise en service de la porte se feront d\u00e9s le montage achev\u00e9. La porte devra faire l\u2019objet d\u2019une r\u00e9ception imm\u00e9diate de la part du client, moyennant signature du proc\u00e8s-verbal. Si cette remise ne peut avoir lieu pour une raison ou une autre, la porte sera automatiquement consid\u00e9r\u00e9e, apr\u00e8s un d\u00e9lai de 10 jours, comme accept\u00e9e. Pass\u00e9 ce d\u00e9lai, toute r\u00e9clamation sera nulle et non avenue.\n<h2>Les paiements<\/h2>\nSi les termes ne sont pas pr\u00e9vus dans l\u2019offre, la confirmation de commande ou le contrat, le d\u00e9lai de paiement est de 30 jours \u00e0 partir de la date de facturation. Dans des cas particuliers, nous pouvons exiger un paiement partiel, anticip\u00e9, au comptant, ou demander une garantie. En passant commande, le client nous autorise \u00e0 obtenir des renseignements sur sa situation financi\u00e8re. Les informations sur le r\u00e8glement des paiements peuvent \u00eatre transmises a une soci\u00e9t\u00e9 de recouvrement. Des acomptes pourront \u00eatre demand\u00e9s pour des montants d\u00e9passant CHF 15\u2019000.\u2013, \u00e0 savoir :\n<ul>\n \t<li>30% lors de la conclusion du contrat ;<\/li>\n \t<li>30% lors de la livraison sur le chantier, respectivement lors de la disponibilit\u00e9 de livraison ;<\/li>\n \t<li>40% \u00e0 la fin du montage respectivement \u00e0 la mise en service.<\/li>\n<\/ul>\nLe d\u00e9lai de paiement des acomptes est de 10 jours. Le contr\u00f4le des factures par le ma\u00eetre de l\u2019ouvrage n\u2019a pas d\u2019incidence sur les d\u00e9lais de paiement.\n<h2>Facturation des travaux en r\u00e9gie<\/h2>\nLes frais additionnels de montage dus a une mauvaise coordination du client seront factur\u00e9s en plus du prix convenu. Cela concerne particuli\u00e8rement les temps d\u2019attente. Les r\u00e9parations n\u00e9cessaires, pendant la p\u00e9riode de garantie, dues \u00e0 des erreurs de maniement ou de dommages mat\u00e9riels seront factur\u00e9es dans tous les cas aux tarifs valables pour les travaux en r\u00e9gie.\n<h2>Les retards de paiement<\/h2>\nTout retard de paiement nous autorise \u00e0 facturer des int\u00e9r\u00eats et des frais. Les remises et autres avantages sont annul\u00e9s dans leur totalit\u00e9 en cas de poursuite. En outre, toutes les factures impay\u00e9es sont \u00e9chues en cas de retard de paiement et nous sommes autoris\u00e9s \u00e0 refuser toute livraison et \u00e0 r\u00e9silier tout contrat. Nous nous r\u00e9servons tout droit en cas de dommages-int\u00e9r\u00eats.\n<h2>La r\u00e9serve de propri\u00e9t\u00e9<\/h2>\nL\u2019objet de la livraison demeure notre propri\u00e9t\u00e9 jusqu\u2019au paiement int\u00e9gral du prix. L\u2019exercice du droit \u00e0 la r\u00e9serve de propri\u00e9t\u00e9 n\u2019a pas valeur de r\u00e9siliation du contrat.\n<h2>Travaux \u00e0 la charge du client<\/h2>\nLe client devra am\u00e9nager \u00e0 ses frais l\u2019endroit o\u00f9 la porte sera mont\u00e9e. ll devra notamment :\n<ul>\n \t<li>Effectuer un rep\u00e8re \u00e0 1 m\u00e8tre, en position bien visible.<\/li>\n \t<li>Effectuer tous les travaux de ma\u00e7onnerie, forage et b\u00e9tonnage, le scellement des comi\u00e8res de seuil au maximum dans les 2 jours apr\u00e8s la pose, le fraisage pour les boucles d\u2019induction et le remplissage des huisseries de b\u00e9ton pour les portes coupe-feu.<\/li>\n \t<li>Pr\u00e9voir une source d\u2019alimentation \u00e9lectrique en 240V ou 400V 3P + terre\/neutre, avec coffret de raccordement mis \u00e0 la terre selon prescriptions CNACFST \u00e0 25 m de distance au maximum.<\/li>\n \t<li>Enlever les \u00e9chafaudages au niveau de l\u2019ouverture de la porte.\n(On pr\u00e9voira un espace libre de 2,5 m en avant et en arri\u00e8re du plan des but\u00e9es (Emplacement de la porte).<\/li>\n<\/ul>\n<h2>Raccordements \u00e9lectriques<\/h2>\nNos prix ne comprennent ni l\u2019alimentation ni la distribution. Le client confiera donc la pose \u00e0 un \u00e9lectricien agr\u00e9\u00e9. Nos prix ne comprennent pas le c\u00e2blage entre le moteur et la commande, le c\u00e2blage des accessoires (par exemple contacteur \u00e0 cl\u00e9, \u00e9l\u00e9ments de s\u00e9curit\u00e9, etc.), la canalisation des lignes \u00e9lectriques, la protection de la motorisation et de la commande durant la phase de construction ni le raccord de protection contre la foudre \u00e0 la compensation de potentiel. Ces travaux de raccordement incombant a l\u2019\u00e9lectricien d\u00e9sign\u00e9 par le client devront avoir lieu imm\u00e9diatement, pendant ou avant le montage de la porte.\n<h2>Conditions de garantie Portes Brodard SA<\/h2>\nLe d\u00e9lai de <strong>garantie de la porte est de 2 ans<\/strong> \u00e0 compter de la date de r\u00e9ception de l\u2019ouvrage. Le d\u00e9lai de garantie est de <strong>1 an pour les pi\u00e8ces mobiles<\/strong> telles que les entra\u00eenements, les commandes et autres. La garantie sur des livraisons sans montage s\u2019\u00e9tend au seul mat\u00e9riel. Nous acceptons la garantie pour des livraisons et des prestations de sous- traitants seulement dans le cadre des obligations de garantie des sous- traitants concern\u00e9s. Le droit \u00e0 la garantie ne conf\u00e8re que le droit au remplacement de la marchandise d\u00e9fectueuse. Sont exclus de toute garantie les frais de r\u00e9paration et dommages dus a l\u2019humidit\u00e9, \u00e0 la souillure, \u00e0 la manipulation et aux utilisations non conformes. La garantie tombe si le client ou des tiers ex\u00e9cutent des modifications ou r\u00e9parations incorrectes, ou si le client au cas ou une d\u00e9fectuosit\u00e9 se pr\u00e9senterait ne prend pas imm\u00e9diatement toutes les mesures n\u00e9cessaires \u00e0 diminuer les d\u00e9g\u00e2ts ou ne nous donne pas la possibilit\u00e9 d\u2019\u00e9liminer le d\u00e9g\u00e2t en question. Les d\u00e9g\u00e2ts caus\u00e9s par des rafales de vent, des intemp\u00e9ries ou la gr\u00eale sont exclus de la garantie.\n<h2>Conditions de garantie pour les portes habitat H\u00f6rmann<\/h2>\nCes conditions sont d\u00e9termin\u00e9es dans le carnet de garantie remis avec la facture et\/ou par le tableau de d\u00e9tails ci-dessous.\n<h2>For judiciaire<\/h2>\nLe for judiciaire pour tout litige survenant dans l\u2019ex\u00e9cution du contrat pass\u00e9 entre Portes Brodard SA et le client est Fribourg, en Suisse, (arrondissement de la Sarine). Seul le droit suisse est applicable.\n\n[\/et_pb_text][\/et_pb_column][\/et_pb_row][\/et_pb_section]","_et_gb_content_width":"","footnotes":""},"class_list":["post-1386","page","type-page","status-publish","hentry"],"_links":{"self":[{"href":"https:\/\/portes-brodard.ch\/de\/wp-json\/wp\/v2\/pages\/1386","targetHints":{"allow":["GET"]}}],"collection":[{"href":"https:\/\/portes-brodard.ch\/de\/wp-json\/wp\/v2\/pages"}],"about":[{"href":"https:\/\/portes-brodard.ch\/de\/wp-json\/wp\/v2\/types\/page"}],"author":[{"embeddable":true,"href":"https:\/\/portes-brodard.ch\/de\/wp-json\/wp\/v2\/users\/1"}],"replies":[{"embeddable":true,"href":"https:\/\/portes-brodard.ch\/de\/wp-json\/wp\/v2\/comments?post=1386"}],"version-history":[{"count":12,"href":"https:\/\/portes-brodard.ch\/de\/wp-json\/wp\/v2\/pages\/1386\/revisions"}],"predecessor-version":[{"id":1408,"href":"https:\/\/portes-brodard.ch\/de\/wp-json\/wp\/v2\/pages\/1386\/revisions\/1408"}],"wp:attachment":[{"href":"https:\/\/portes-brodard.ch\/de\/wp-json\/wp\/v2\/media?parent=1386"}],"curies":[{"name":"wp","href":"https:\/\/api.w.org\/{rel}","templated":true}]}}